{"id":151,"date":"2017-11-25T18:53:33","date_gmt":"2017-11-25T18:53:33","guid":{"rendered":"http:\/\/centropyodeestudiosdeltao.com\/cpdedt\/?page_id=151"},"modified":"2018-01-05T16:23:59","modified_gmt":"2018-01-05T16:23:59","slug":"hatha-yoga-yoga-integral-yoga-dinamico","status":"publish","type":"page","link":"http:\/\/centropyodeestudiosdeltao.com\/cpdedt\/?page_id=151","title":{"rendered":"HATHA YOGA &#8211; YOGA INTEGRAL &#8211; YOGA DINAMICO"},"content":{"rendered":"<h1>Hatha yoga \u2013 Yoga Integral \u2013 Yoga Din\u00e0mico<\/h1>\n<p><img loading=\"lazy\" decoding=\"async\" class=\"alignnone size-medium wp-image-121\" src=\"http:\/\/centropyodeestudiosdeltao.com\/cpdedt\/wp-content\/uploads\/2017\/11\/IMG-20160117-WA0023-300x169.jpg\" alt=\"\" width=\"300\" height=\"169\" srcset=\"http:\/\/centropyodeestudiosdeltao.com\/cpdedt\/wp-content\/uploads\/2017\/11\/IMG-20160117-WA0023-300x169.jpg 300w, http:\/\/centropyodeestudiosdeltao.com\/cpdedt\/wp-content\/uploads\/2017\/11\/IMG-20160117-WA0023-768x431.jpg 768w, http:\/\/centropyodeestudiosdeltao.com\/cpdedt\/wp-content\/uploads\/2017\/11\/IMG-20160117-WA0023-1024x575.jpg 1024w, http:\/\/centropyodeestudiosdeltao.com\/cpdedt\/wp-content\/uploads\/2017\/11\/IMG-20160117-WA0023-820x461.jpg 820w, http:\/\/centropyodeestudiosdeltao.com\/cpdedt\/wp-content\/uploads\/2017\/11\/IMG-20160117-WA0023.jpg 1296w\" sizes=\"auto, (max-width: 300px) 100vw, 300px\" \/><img loading=\"lazy\" decoding=\"async\" class=\"alignnone wp-image-77\" src=\"http:\/\/centropyodeestudiosdeltao.com\/cpdedt\/wp-content\/uploads\/2017\/11\/BABAJI-MATAJI-300x158.jpg\" alt=\"\" width=\"321\" height=\"169\" srcset=\"http:\/\/centropyodeestudiosdeltao.com\/cpdedt\/wp-content\/uploads\/2017\/11\/BABAJI-MATAJI-300x158.jpg 300w, http:\/\/centropyodeestudiosdeltao.com\/cpdedt\/wp-content\/uploads\/2017\/11\/BABAJI-MATAJI.jpg 659w\" sizes=\"auto, (max-width: 321px) 100vw, 321px\" \/><\/p>\n<p><strong>Hatha yoga<\/strong> es un tipo de yoga conocido por su pr\u00e1ctica de \u00e0sana\u00a0o posturas corporales. Se basa en los\u00a0 \u00a0Agamas T\u00e0ntricos.<\/p>\n<h2>Pr\u00e1ctica<\/h2>\n<p>El <em>hatha yoga<\/em> se basa en una serie de posturas corporales, llamadas <em>\u0101sanas<\/em>, cuyo prop\u00f3sito es lograr que el cuerpo est\u00e9 apto para la meditaci\u00f3n. Podemos agregar que a mas de ello, busca la uni\u00f3n integra del individuo mediante la adopci\u00f3n de posturas, unidas a la respiraci\u00f3n y la mente enfocada en un punto especifico de cada una de ellas.<\/p>\n<h2>Etimolog\u00eda<\/h2>\n<p>En S\u00e0nscrito, <em>hatha yoga<\/em> significa literalmente \u2018yoga forzado\u2019<\/p>\n<p>Tambien, seg\u00fan el conocimiento a mi trasmitido, es que la palabra yug-yoga, significa: \u201cUnion\u201d.<\/p>\n<h3>Otras definiciones<\/h3>\n<p>En Am\u00e9rica circulan otras definiciones de <em>hatha yoga<\/em>:<\/p>\n<ul>\n<li>\u2018yoga del equilibrio de las fuerzas del sol y la luna en el cuerpo\u2019. Sus proponentes incluso han inventado una etimolog\u00eda no s\u00e1nscrita: <em>ha<\/em> significar\u00eda \u2018sol\u2019, y <em>tha<\/em>, \u2018luna\u2019.<\/li>\n<li>yoga del poder\u2019 o \u2018yoga de la fuerza\u2019. Seg\u00fan sus proponentes, cuando la palabra <em>hatha<\/em> va seguida del t\u00e9rmino <em>yoga<\/em> pasa a significar \u2018fuerza o poder\u2019<\/li>\n<li>Seg\u00fan el concepto recibido por mi, el Hatha Yoga, o Yoga \u2013Asana, tambi\u00e9n como se lo define, consiste en el dominio del cuerpo (materia), a trav\u00e9s de la voluntad, y a trav\u00e9s de la disciplina acceder a niveles mas elevados de conciencia.<\/li>\n<\/ul>\n<p>Durante su desarrollo y evoluci\u00f3n, se crearon l\u00edneas de yoga que resguardaban ciertos preceptos y esos son:<\/p>\n<h4>Seis pasos<\/h4>\n<p>El <em>shat-anga yoga<\/em> o \u2018yoga de los seis pasos\u2019 de Goraksha\u00a0 incluyen:<\/p>\n<ul>\n<li><em>asana<\/em> (\u2018posturas f\u00edsicas\u2019),<\/li>\n<li><em>prana-samrodha<\/em> (\u2018control de la energ\u00eda vital\u2019),<\/li>\n<li><em>pratyahara<\/em> (\u2018recogimiento sensorial\u2019 o introspecci\u00f3n),<\/li>\n<li><em>dharana<\/em> (\u2018concentraci\u00f3n)\u2019,<\/li>\n<li><em>dhyana<\/em> (\u2018meditaci\u00f3n\u2019),<\/li>\n<li><em>samadhi<\/em> (\u2018integraci\u00f3n\u2019).<\/li>\n<\/ul>\n<h4>Siete pasos: seg\u00fan la visi\u00f3n de Swatmararma:<\/h4>\n<ul>\n<li><em>shat karma<\/em> (\u2018seis actividades\u2019 de limpieza f\u00edsica\u2019),<\/li>\n<li><em>mudra<\/em> (\u2018gesto\u2019, parecido a <em>asana<\/em>, \u2018postura\u2019),<\/li>\n<li><em>pranayama<\/em> \u2018(control de la energ\u00eda)\u2019<\/li>\n<li><em>pratyahara<\/em> (\u2018recogimiento sensorial\u2019 o introspecci\u00f3n),<\/li>\n<li><em>dhyana<\/em> (\u2018meditaci\u00f3n\u2019),<\/li>\n<li><em>samadhi<\/em> (\u2018integraci\u00f3n\u2019).<\/li>\n<\/ul>\n<h4>Ocho pasos<\/h4>\n<p>Siguiendo la visi\u00f3n de Swatmarama, Pattabhis Jois realizo su propio estilo de <em>ashtanga hatha yoga<\/em> (<em>ashta<\/em>: \u2018ocho\u2019, <em>anga<\/em>: \u2018partes\u2019) al que llam\u00f3 <em>ashtanga vinyasa yoga<\/em>, dotando a este m\u00e9todo de dinamismo y energ\u00eda. Actualmente es considerado el sexto gran maestro de esta disciplina. Para esto, en su texto <em>Yoga Kurunta<\/em> codific\u00f3 seis series, que se basan en las ense\u00f1anzas de Yogacharya Krishna Nama Acharya y de Vamana Rishi\u00a0.<\/p>\n<h3>Hatha moderno<\/h3>\n<p>Actualmente existe el <em>nava hatha yoga<\/em> (\u2018hatha yoga nuevo\u2019 o moderno) que ha integrado el <em>sama yoga<\/em> o yoga de la relajaci\u00f3n, y el saludo al sol <em>( Surya Namaskar)<\/em> o a la luna, que son los ejercicios de yoga m\u00e1s populares.<\/p>\n<p>En el\u00a0 Siglo XX B. K. Iyengar\u00a0escribi\u00f3 el <em>Yoga Dipika<\/em>, un libro acerca del <em>hatha yoga<\/em> que dot\u00f3 a este m\u00e9todo del yoga de una t\u00e9cnica de alineaci\u00f3n. Iyengar cultiv\u00f3 un estilo propio del m\u00e9todo del hatha yoga siendo considerado el cuarto gran maestro, junto a Swami Vishnudevananda (disc\u00edpulo de Swami \u015aivananda) un fiel seguidor de Swatmarama que se considera el quinto gran maestro de esta disciplina<\/p>\n<h2>Power yoga<\/h2>\n<p>En ingl\u00e9s (pronunciado <em>p\u00e1uer ioga<\/em>) significa \u2018Yoga del poder\u2019. Con este nombre se conoce a todos los estilos que practican un estilo de <em>hatha yoga<\/em> din\u00e1mico sin series fijas, que fue desarrollado por maestros estadounidenses, argentinos y europeos. Es considerado un estilo de <em>hatha yoga<\/em> y no un m\u00e9todo en s\u00ed mismo. En la actualidad el m\u00e9todo del <em>hatha yoga<\/em> tiene varios estilos<\/p>\n<h1>Kundalin\u012b yoga<\/h1>\n<p>Kundalini yoga o Laya Yoga es el Sendero Yoguico que trata de la Kundalin\u012b Sakti, que es un misterioso poder que reside en el ser humano y debe unirse al Se\u00f1or\u00a0 Shiva en el Chackra coronario (Sahasrara), situado en la parte superior de la cabeza.<\/p>\n<h2>Fundamento<\/h2>\n<p>Kundalini nace en la boca del nadi Sushumna y reside en el chakra fundamental (Muladhara o soporte de la ra\u00edz) situado en la base de la columna vertebral.<\/p>\n<p>La finalidad esot\u00e9rica del\u00a0 Kundalini\u00a0 yoga es excitar la dormida Kundalini y elevarla de forma gradual hacia Sahasrara chakra a trav\u00e9s del nadi Suhumna.<\/p>\n<p>Los yoguis utilizan para tal prop\u00f3sito t\u00e9cnicas determinadas, mantras, asanas, pranayamas, meditaci\u00f3n en los chakras, mudras y una firme fuerza de voluntad.<\/p>\n<h2>Los Nadis<\/h2>\n<p>Los nadis son una red de canales nerviosos existente en el cuerpo sutil por los cuales fluye el prana. Para avanzar en Kundalini , o en cualquier otro tipo de yoga, es necesario comenzar por purificar todos los nadis. Se afirma en yoga que existen miles de ellos, de los cuales tres son los principales: Sushumna, Ida y Pingala.<\/p>\n<h2>Algunas pr\u00e1cticas de Yoga<\/h2>\n<ol>\n<li>Limpieza y purificaci\u00f3n de los nadis.<\/li>\n<li>Meditaci\u00f3n sobre los chakras.<\/li>\n<li>Asana y pranayama.<\/li>\n<li>Mudras y bandhas.<\/li>\n<li>Servicio desinteresado.<\/li>\n<li>Recitaci\u00f3n de mantras.<\/li>\n<\/ol>\n<h2>Algunos requisitos para avanzar en el Yoga<\/h2>\n<p>Pureza de cuerpo, mente y coraz\u00f3n, \u00a0\u00e9tica o moral, estar libre de ambiciones personales y conceptos dogm\u00e1ticos, que distraen en el sendero y llevar una dieta natural.<\/p>\n<p>Es importante destacar, que el Yoga en si es un conjunto, es una disciplina omniabarcante, las diferencias entre ellas es el \u00e9nfasis impuesto por el Maestro o Gur\u00fa de la disciplina hacia un o varios aspectos especiales o espec\u00edficos del mismo.\u00a0 As\u00ed\u00a0 existen otros \u00abEstilos\u00bb de Yoga, como el Karma Yoga (Yoga del Servicio), Raja Yoga )Yoga Real), el Mantra Yoga (Yoga de los Mantras), el Tantra Yoga (Yoga de la Uni\u00f3n, conciliaci\u00f3n o armonizaci\u00f3n de los opuestos), el Bhakti Yoga (Yoga devocional al Guru) entre otros<\/p>\n<p><img loading=\"lazy\" decoding=\"async\" class=\"alignnone size-medium wp-image-624\" src=\"http:\/\/centropyodeestudiosdeltao.com\/cpdedt\/wp-content\/uploads\/2017\/12\/diploma-yoga-2-300x226.jpg\" alt=\"\" width=\"300\" height=\"226\" srcset=\"http:\/\/centropyodeestudiosdeltao.com\/cpdedt\/wp-content\/uploads\/2017\/12\/diploma-yoga-2-300x226.jpg 300w, http:\/\/centropyodeestudiosdeltao.com\/cpdedt\/wp-content\/uploads\/2017\/12\/diploma-yoga-2-768x579.jpg 768w, http:\/\/centropyodeestudiosdeltao.com\/cpdedt\/wp-content\/uploads\/2017\/12\/diploma-yoga-2-820x618.jpg 820w, http:\/\/centropyodeestudiosdeltao.com\/cpdedt\/wp-content\/uploads\/2017\/12\/diploma-yoga-2.jpg 953w\" sizes=\"auto, (max-width: 300px) 100vw, 300px\" \/><img loading=\"lazy\" decoding=\"async\" class=\"alignnone wp-image-620\" src=\"http:\/\/centropyodeestudiosdeltao.com\/cpdedt\/wp-content\/uploads\/2017\/12\/IMG-20170630-WA0000-300x202.jpg\" alt=\"\" width=\"330\" height=\"222\" srcset=\"http:\/\/centropyodeestudiosdeltao.com\/cpdedt\/wp-content\/uploads\/2017\/12\/IMG-20170630-WA0000-300x202.jpg 300w, http:\/\/centropyodeestudiosdeltao.com\/cpdedt\/wp-content\/uploads\/2017\/12\/IMG-20170630-WA0000-768x516.jpg 768w, http:\/\/centropyodeestudiosdeltao.com\/cpdedt\/wp-content\/uploads\/2017\/12\/IMG-20170630-WA0000-1024x688.jpg 1024w, http:\/\/centropyodeestudiosdeltao.com\/cpdedt\/wp-content\/uploads\/2017\/12\/IMG-20170630-WA0000-820x551.jpg 820w, http:\/\/centropyodeestudiosdeltao.com\/cpdedt\/wp-content\/uploads\/2017\/12\/IMG-20170630-WA0000.jpg 1244w\" sizes=\"auto, (max-width: 330px) 100vw, 330px\" \/><\/p>\n<p><img loading=\"lazy\" decoding=\"async\" class=\"alignnone size-medium wp-image-626\" src=\"http:\/\/centropyodeestudiosdeltao.com\/cpdedt\/wp-content\/uploads\/2017\/12\/certificado-tao-003-208x300.jpg\" alt=\"\" width=\"208\" height=\"300\" srcset=\"http:\/\/centropyodeestudiosdeltao.com\/cpdedt\/wp-content\/uploads\/2017\/12\/certificado-tao-003-208x300.jpg 208w, http:\/\/centropyodeestudiosdeltao.com\/cpdedt\/wp-content\/uploads\/2017\/12\/certificado-tao-003-768x1110.jpg 768w, http:\/\/centropyodeestudiosdeltao.com\/cpdedt\/wp-content\/uploads\/2017\/12\/certificado-tao-003-708x1024.jpg 708w, http:\/\/centropyodeestudiosdeltao.com\/cpdedt\/wp-content\/uploads\/2017\/12\/certificado-tao-003-820x1185.jpg 820w, http:\/\/centropyodeestudiosdeltao.com\/cpdedt\/wp-content\/uploads\/2017\/12\/certificado-tao-003.jpg 1616w\" sizes=\"auto, (max-width: 208px) 100vw, 208px\" \/><img loading=\"lazy\" decoding=\"async\" class=\"alignnone size-medium wp-image-623\" src=\"http:\/\/centropyodeestudiosdeltao.com\/cpdedt\/wp-content\/uploads\/2017\/12\/diploma-yoga-1-234x300.jpg\" alt=\"\" width=\"234\" height=\"300\" srcset=\"http:\/\/centropyodeestudiosdeltao.com\/cpdedt\/wp-content\/uploads\/2017\/12\/diploma-yoga-1-234x300.jpg 234w, http:\/\/centropyodeestudiosdeltao.com\/cpdedt\/wp-content\/uploads\/2017\/12\/diploma-yoga-1.jpg 594w\" sizes=\"auto, (max-width: 234px) 100vw, 234px\" \/><\/p>\n<p><strong>HORARIOS DE CLASE: <\/strong><\/p>\n<p><strong>MARTES Y JUEVES: 18:00 A 19:30 HORAS.<\/strong><\/p>\n<p><strong>SABADOS DE 8:45 A 10:20 HORAS<\/strong><\/p>\n","protected":false},"excerpt":{"rendered":"<p>Hatha yoga \u2013 Yoga Integral \u2013 Yoga Din\u00e0mico Hatha yoga es un tipo de yoga conocido por su pr\u00e1ctica de \u00e0sana\u00a0o posturas corporales. Se basa en los\u00a0 \u00a0Agamas T\u00e0ntricos. Pr\u00e1ctica El hatha yoga se basa en una serie de posturas corporales, llamadas \u0101sanas, cuyo prop\u00f3sito es lograr que el cuerpo est\u00e9 apto para la meditaci\u00f3n. [&hellip;]<\/p>\n","protected":false},"author":1,"featured_media":0,"parent":0,"menu_order":0,"comment_status":"closed","ping_status":"closed","template":"","meta":{"om_disable_all_campaigns":false,"_monsterinsights_skip_tracking":false,"_monsterinsights_sitenote_active":false,"_monsterinsights_sitenote_note":"","_monsterinsights_sitenote_category":0,"footnotes":""},"class_list":["post-151","page","type-page","status-publish","hentry"],"yoast_head":"<!-- This site is optimized with the Yoast SEO plugin v25.7 - https:\/\/yoast.com\/wordpress\/plugins\/seo\/ -->\n<title>HATHA YOGA - YOGA INTEGRAL - YOGA DINAMICO - Centro de Estudios del Tao (C.E.T.) \u2013 Centro Paraguayo de Artes Marciales Internas. (C.E.P.A.M.I.)<\/title>\n<meta name=\"robots\" content=\"index, follow, max-snippet:-1, max-image-preview:large, max-video-preview:-1\" \/>\n<link rel=\"canonical\" href=\"http:\/\/centropyodeestudiosdeltao.com\/cpdedt\/?page_id=151\" \/>\n<meta property=\"og:locale\" content=\"es_ES\" \/>\n<meta property=\"og:type\" content=\"article\" \/>\n<meta property=\"og:title\" content=\"HATHA YOGA - YOGA INTEGRAL - YOGA DINAMICO - Centro de Estudios del Tao (C.E.T.) \u2013 Centro Paraguayo de Artes Marciales Internas. (C.E.P.A.M.I.)\" \/>\n<meta property=\"og:description\" content=\"Hatha yoga \u2013 Yoga Integral \u2013 Yoga Din\u00e0mico Hatha yoga es un tipo de yoga conocido por su pr\u00e1ctica de \u00e0sana\u00a0o posturas corporales. Se basa en los\u00a0 \u00a0Agamas T\u00e0ntricos. Pr\u00e1ctica El hatha yoga se basa en una serie de posturas corporales, llamadas \u0101sanas, cuyo prop\u00f3sito es lograr que el cuerpo est\u00e9 apto para la meditaci\u00f3n. [&hellip;]\" \/>\n<meta property=\"og:url\" content=\"http:\/\/centropyodeestudiosdeltao.com\/cpdedt\/?page_id=151\" \/>\n<meta property=\"og:site_name\" content=\"Centro de Estudios del Tao (C.E.T.) \u2013 Centro Paraguayo de Artes Marciales Internas. (C.E.P.A.M.I.)\" \/>\n<meta property=\"article:modified_time\" content=\"2018-01-05T16:23:59+00:00\" \/>\n<meta property=\"og:image\" content=\"http:\/\/centropyodeestudiosdeltao.com\/cpdedt\/wp-content\/uploads\/2017\/11\/IMG-20160117-WA0023-300x169.jpg\" \/>\n<meta name=\"twitter:card\" content=\"summary_large_image\" \/>\n<meta name=\"twitter:label1\" content=\"Tiempo de lectura\" \/>\n\t<meta name=\"twitter:data1\" content=\"5 minutos\" \/>\n<script type=\"application\/ld+json\" class=\"yoast-schema-graph\">{\"@context\":\"https:\/\/schema.org\",\"@graph\":[{\"@type\":\"WebPage\",\"@id\":\"http:\/\/centropyodeestudiosdeltao.com\/cpdedt\/?page_id=151\",\"url\":\"http:\/\/centropyodeestudiosdeltao.com\/cpdedt\/?page_id=151\",\"name\":\"HATHA YOGA - YOGA INTEGRAL - YOGA DINAMICO - Centro de Estudios del Tao (C.E.T.) \u2013 Centro Paraguayo de Artes Marciales Internas. (C.E.P.A.M.I.)\",\"isPartOf\":{\"@id\":\"https:\/\/centropyodeestudiosdeltao.com\/cpdedt\/#website\"},\"primaryImageOfPage\":{\"@id\":\"http:\/\/centropyodeestudiosdeltao.com\/cpdedt\/?page_id=151#primaryimage\"},\"image\":{\"@id\":\"http:\/\/centropyodeestudiosdeltao.com\/cpdedt\/?page_id=151#primaryimage\"},\"thumbnailUrl\":\"http:\/\/centropyodeestudiosdeltao.com\/cpdedt\/wp-content\/uploads\/2017\/11\/IMG-20160117-WA0023-300x169.jpg\",\"datePublished\":\"2017-11-25T18:53:33+00:00\",\"dateModified\":\"2018-01-05T16:23:59+00:00\",\"breadcrumb\":{\"@id\":\"http:\/\/centropyodeestudiosdeltao.com\/cpdedt\/?page_id=151#breadcrumb\"},\"inLanguage\":\"es\",\"potentialAction\":[{\"@type\":\"ReadAction\",\"target\":[\"http:\/\/centropyodeestudiosdeltao.com\/cpdedt\/?page_id=151\"]}]},{\"@type\":\"ImageObject\",\"inLanguage\":\"es\",\"@id\":\"http:\/\/centropyodeestudiosdeltao.com\/cpdedt\/?page_id=151#primaryimage\",\"url\":\"http:\/\/centropyodeestudiosdeltao.com\/cpdedt\/wp-content\/uploads\/2017\/11\/IMG-20160117-WA0023.jpg\",\"contentUrl\":\"http:\/\/centropyodeestudiosdeltao.com\/cpdedt\/wp-content\/uploads\/2017\/11\/IMG-20160117-WA0023.jpg\",\"width\":1296,\"height\":728},{\"@type\":\"BreadcrumbList\",\"@id\":\"http:\/\/centropyodeestudiosdeltao.com\/cpdedt\/?page_id=151#breadcrumb\",\"itemListElement\":[{\"@type\":\"ListItem\",\"position\":1,\"name\":\"Home\",\"item\":\"https:\/\/centropyodeestudiosdeltao.com\/cpdedt\/\"},{\"@type\":\"ListItem\",\"position\":2,\"name\":\"HATHA YOGA &#8211; YOGA INTEGRAL &#8211; YOGA DINAMICO\"}]},{\"@type\":\"WebSite\",\"@id\":\"https:\/\/centropyodeestudiosdeltao.com\/cpdedt\/#website\",\"url\":\"https:\/\/centropyodeestudiosdeltao.com\/cpdedt\/\",\"name\":\"Centro de Estudios del Tao (C.E.T.) \u2013 Centro Paraguayo de Artes Marciales Internas. (C.E.P.A.M.I.)\",\"description\":\"TAI CHI CHUAN (TAIJIQUAN) * BA GUA ZHANG (PA KWA CHANG) * XING YI QUAN (HSING I CHUAN) * KUK SOOL WON KI DO KOREA HAPKIDO * ( KUNG FU BUDDHISTA KOREANO -. BUL MOO DO (XING JIA). * KI GONG (CHI KUNG).* MANEJO DE LOS PUNTOS DE PRESI\u00d3N. * PYUNG SOO DO (PIONG SU DO - PALMA DE ENERG\u00cdA INTERNA. * HATHA YOGA - * YOGA INTEGRAL - *  YOGA DIN\u00c1MICO.  * YOGA COREANO (HAN DAHN SOOL).  * YOGA TANTRICO. * BUDDHISMO MAHAYANA: * BUDDHISMO CHAN\/SEON\/ZEN - * TIBETANO Y T\u00c0NTRICO. (COMO FILOSOF\u00cdA DE VIDA) * MEDITACI\u00d3N BUDDHISTA - * ALQUIMIA BUDDHISTA * TAO HUANG LAO *-  * TAO\u00cdSMO COMO FILOSOF\u00cdA DE VIDA - * QI GONG (CHI KUNG TAO\u00cdSTA) -*  ALQUIMIA TAO\u00ccSTA - * TAO\u00cdSMO DUAL (EN PAREJAS) - * FILOSOF\u00cdA DEL TAI CHI CHUAN - BA GUA ZHANG - WU XING. * MEDITACI\u00d3N TAO\u00ccSTA. * TAO DEL AMOR. * REIKI DO - (USUI REIKI RYOHO) - * BUDDHO REIKI ENERSENSE - * DIGITOPUNTURA - * ACUPRESURA - * MANEJO DE ENERG\u00cdA INTERNA. \",\"potentialAction\":[{\"@type\":\"SearchAction\",\"target\":{\"@type\":\"EntryPoint\",\"urlTemplate\":\"https:\/\/centropyodeestudiosdeltao.com\/cpdedt\/?s={search_term_string}\"},\"query-input\":{\"@type\":\"PropertyValueSpecification\",\"valueRequired\":true,\"valueName\":\"search_term_string\"}}],\"inLanguage\":\"es\"}]}<\/script>\n<!-- \/ Yoast SEO plugin. -->","yoast_head_json":{"title":"HATHA YOGA - YOGA INTEGRAL - YOGA DINAMICO - Centro de Estudios del Tao (C.E.T.) \u2013 Centro Paraguayo de Artes Marciales Internas. (C.E.P.A.M.I.)","robots":{"index":"index","follow":"follow","max-snippet":"max-snippet:-1","max-image-preview":"max-image-preview:large","max-video-preview":"max-video-preview:-1"},"canonical":"http:\/\/centropyodeestudiosdeltao.com\/cpdedt\/?page_id=151","og_locale":"es_ES","og_type":"article","og_title":"HATHA YOGA - YOGA INTEGRAL - YOGA DINAMICO - Centro de Estudios del Tao (C.E.T.) \u2013 Centro Paraguayo de Artes Marciales Internas. (C.E.P.A.M.I.)","og_description":"Hatha yoga \u2013 Yoga Integral \u2013 Yoga Din\u00e0mico Hatha yoga es un tipo de yoga conocido por su pr\u00e1ctica de \u00e0sana\u00a0o posturas corporales. Se basa en los\u00a0 \u00a0Agamas T\u00e0ntricos. Pr\u00e1ctica El hatha yoga se basa en una serie de posturas corporales, llamadas \u0101sanas, cuyo prop\u00f3sito es lograr que el cuerpo est\u00e9 apto para la meditaci\u00f3n. [&hellip;]","og_url":"http:\/\/centropyodeestudiosdeltao.com\/cpdedt\/?page_id=151","og_site_name":"Centro de Estudios del Tao (C.E.T.) \u2013 Centro Paraguayo de Artes Marciales Internas. (C.E.P.A.M.I.)","article_modified_time":"2018-01-05T16:23:59+00:00","og_image":[{"url":"http:\/\/centropyodeestudiosdeltao.com\/cpdedt\/wp-content\/uploads\/2017\/11\/IMG-20160117-WA0023-300x169.jpg","type":"","width":"","height":""}],"twitter_card":"summary_large_image","twitter_misc":{"Tiempo de lectura":"5 minutos"},"schema":{"@context":"https:\/\/schema.org","@graph":[{"@type":"WebPage","@id":"http:\/\/centropyodeestudiosdeltao.com\/cpdedt\/?page_id=151","url":"http:\/\/centropyodeestudiosdeltao.com\/cpdedt\/?page_id=151","name":"HATHA YOGA - YOGA INTEGRAL - YOGA DINAMICO - Centro de Estudios del Tao (C.E.T.) \u2013 Centro Paraguayo de Artes Marciales Internas. (C.E.P.A.M.I.)","isPartOf":{"@id":"https:\/\/centropyodeestudiosdeltao.com\/cpdedt\/#website"},"primaryImageOfPage":{"@id":"http:\/\/centropyodeestudiosdeltao.com\/cpdedt\/?page_id=151#primaryimage"},"image":{"@id":"http:\/\/centropyodeestudiosdeltao.com\/cpdedt\/?page_id=151#primaryimage"},"thumbnailUrl":"http:\/\/centropyodeestudiosdeltao.com\/cpdedt\/wp-content\/uploads\/2017\/11\/IMG-20160117-WA0023-300x169.jpg","datePublished":"2017-11-25T18:53:33+00:00","dateModified":"2018-01-05T16:23:59+00:00","breadcrumb":{"@id":"http:\/\/centropyodeestudiosdeltao.com\/cpdedt\/?page_id=151#breadcrumb"},"inLanguage":"es","potentialAction":[{"@type":"ReadAction","target":["http:\/\/centropyodeestudiosdeltao.com\/cpdedt\/?page_id=151"]}]},{"@type":"ImageObject","inLanguage":"es","@id":"http:\/\/centropyodeestudiosdeltao.com\/cpdedt\/?page_id=151#primaryimage","url":"http:\/\/centropyodeestudiosdeltao.com\/cpdedt\/wp-content\/uploads\/2017\/11\/IMG-20160117-WA0023.jpg","contentUrl":"http:\/\/centropyodeestudiosdeltao.com\/cpdedt\/wp-content\/uploads\/2017\/11\/IMG-20160117-WA0023.jpg","width":1296,"height":728},{"@type":"BreadcrumbList","@id":"http:\/\/centropyodeestudiosdeltao.com\/cpdedt\/?page_id=151#breadcrumb","itemListElement":[{"@type":"ListItem","position":1,"name":"Home","item":"https:\/\/centropyodeestudiosdeltao.com\/cpdedt\/"},{"@type":"ListItem","position":2,"name":"HATHA YOGA &#8211; YOGA INTEGRAL &#8211; YOGA DINAMICO"}]},{"@type":"WebSite","@id":"https:\/\/centropyodeestudiosdeltao.com\/cpdedt\/#website","url":"https:\/\/centropyodeestudiosdeltao.com\/cpdedt\/","name":"Centro de Estudios del Tao (C.E.T.) \u2013 Centro Paraguayo de Artes Marciales Internas. (C.E.P.A.M.I.)","description":"TAI CHI CHUAN (TAIJIQUAN) * BA GUA ZHANG (PA KWA CHANG) * XING YI QUAN (HSING I CHUAN) * KUK SOOL WON KI DO KOREA HAPKIDO * ( KUNG FU BUDDHISTA KOREANO -. BUL MOO DO (XING JIA). * KI GONG (CHI KUNG).* MANEJO DE LOS PUNTOS DE PRESI\u00d3N. * PYUNG SOO DO (PIONG SU DO - PALMA DE ENERG\u00cdA INTERNA. * HATHA YOGA - * YOGA INTEGRAL - *  YOGA DIN\u00c1MICO.  * YOGA COREANO (HAN DAHN SOOL).  * YOGA TANTRICO. * BUDDHISMO MAHAYANA: * BUDDHISMO CHAN\/SEON\/ZEN - * TIBETANO Y T\u00c0NTRICO. (COMO FILOSOF\u00cdA DE VIDA) * MEDITACI\u00d3N BUDDHISTA - * ALQUIMIA BUDDHISTA * TAO HUANG LAO *-  * TAO\u00cdSMO COMO FILOSOF\u00cdA DE VIDA - * QI GONG (CHI KUNG TAO\u00cdSTA) -*  ALQUIMIA TAO\u00ccSTA - * TAO\u00cdSMO DUAL (EN PAREJAS) - * FILOSOF\u00cdA DEL TAI CHI CHUAN - BA GUA ZHANG - WU XING. * MEDITACI\u00d3N TAO\u00ccSTA. * TAO DEL AMOR. * REIKI DO - (USUI REIKI RYOHO) - * BUDDHO REIKI ENERSENSE - * DIGITOPUNTURA - * ACUPRESURA - * MANEJO DE ENERG\u00cdA INTERNA. ","potentialAction":[{"@type":"SearchAction","target":{"@type":"EntryPoint","urlTemplate":"https:\/\/centropyodeestudiosdeltao.com\/cpdedt\/?s={search_term_string}"},"query-input":{"@type":"PropertyValueSpecification","valueRequired":true,"valueName":"search_term_string"}}],"inLanguage":"es"}]}},"_links":{"self":[{"href":"http:\/\/centropyodeestudiosdeltao.com\/cpdedt\/index.php?rest_route=\/wp\/v2\/pages\/151","targetHints":{"allow":["GET"]}}],"collection":[{"href":"http:\/\/centropyodeestudiosdeltao.com\/cpdedt\/index.php?rest_route=\/wp\/v2\/pages"}],"about":[{"href":"http:\/\/centropyodeestudiosdeltao.com\/cpdedt\/index.php?rest_route=\/wp\/v2\/types\/page"}],"author":[{"embeddable":true,"href":"http:\/\/centropyodeestudiosdeltao.com\/cpdedt\/index.php?rest_route=\/wp\/v2\/users\/1"}],"replies":[{"embeddable":true,"href":"http:\/\/centropyodeestudiosdeltao.com\/cpdedt\/index.php?rest_route=%2Fwp%2Fv2%2Fcomments&post=151"}],"version-history":[{"count":6,"href":"http:\/\/centropyodeestudiosdeltao.com\/cpdedt\/index.php?rest_route=\/wp\/v2\/pages\/151\/revisions"}],"predecessor-version":[{"id":789,"href":"http:\/\/centropyodeestudiosdeltao.com\/cpdedt\/index.php?rest_route=\/wp\/v2\/pages\/151\/revisions\/789"}],"wp:attachment":[{"href":"http:\/\/centropyodeestudiosdeltao.com\/cpdedt\/index.php?rest_route=%2Fwp%2Fv2%2Fmedia&parent=151"}],"curies":[{"name":"wp","href":"https:\/\/api.w.org\/{rel}","templated":true}]}}