{"id":236,"date":"2017-11-28T17:29:36","date_gmt":"2017-11-28T17:29:36","guid":{"rendered":"http:\/\/centropyodeestudiosdeltao.com\/cpdedt\/?page_id=236"},"modified":"2025-09-22T16:35:28","modified_gmt":"2025-09-22T16:35:28","slug":"bul-moo-do-ki-do-korea-bul-mu-do-ki-do-korea-xin-jia-bulmoodo-ki-do-korea","status":"publish","type":"page","link":"http:\/\/centropyodeestudiosdeltao.com\/cpdedt\/?page_id=236","title":{"rendered":"KOREAN BUL MOO DO o KOREAN BUL MU DO"},"content":{"rendered":"<p style=\"text-align: center;\"><strong><span style=\"color: #993366;\">\u00bfQU\u00c9 ES BULMOODO?<\/span><\/strong><\/p>\n<p><img loading=\"lazy\" decoding=\"async\" class=\"size-full wp-image-226 alignleft\" src=\"http:\/\/centropyodeestudiosdeltao.com\/cpdedt\/wp-content\/uploads\/2017\/11\/zen1.2.bmp\" alt=\"\" width=\"193\" height=\"151\"><img loading=\"lazy\" decoding=\"async\" class=\"alignnone size-full wp-image-82\" src=\"http:\/\/centropyodeestudiosdeltao.com\/cpdedt\/wp-content\/uploads\/2017\/11\/monks.jpg\" alt=\"\" width=\"204\" height=\"148\"><img loading=\"lazy\" decoding=\"async\" class=\"alignnone size-full wp-image-228\" src=\"http:\/\/centropyodeestudiosdeltao.com\/cpdedt\/wp-content\/uploads\/2017\/11\/zen2.bmp\" alt=\"\" width=\"193\" height=\"151\"><\/p>\n<p>BULMOODO fue ideado en la d\u00e9cada de 1960 en Corea por el GM Dr. Lee Han Chul y se compone de varias tradiciones de artes marciales que exist\u00edan en Corea: Hapkido, Kuk Sool Won Hapkido, Yusool, Ssireum (tradicional lucha coreana), Sipalki, Kung-Fu (Shaolin, Grulla Blanca, Palma de Tigre y Mantis, etc.) y Gungjung Musool (Arte marcial de la Corte Real). Bulmoodo o Bulmudo, adem\u00e1s de la mezcla de artes marciales existentes que se hab\u00edan reunido de otras fuentes que fueron practicando<\/p>\n<p><img loading=\"lazy\" decoding=\"async\" class=\"alignnone size-medium wp-image-243\" src=\"http:\/\/centropyodeestudiosdeltao.com\/cpdedt\/wp-content\/uploads\/2017\/11\/hapkido-1-235x300.jpg\" alt=\"\" width=\"235\" height=\"300\" srcset=\"http:\/\/centropyodeestudiosdeltao.com\/cpdedt\/wp-content\/uploads\/2017\/11\/hapkido-1-235x300.jpg 235w, http:\/\/centropyodeestudiosdeltao.com\/cpdedt\/wp-content\/uploads\/2017\/11\/hapkido-1.jpg 236w\" sizes=\"auto, (max-width: 235px) 100vw, 235px\" \/><img loading=\"lazy\" decoding=\"async\" class=\"alignnone size-medium wp-image-279\" src=\"http:\/\/centropyodeestudiosdeltao.com\/cpdedt\/wp-content\/uploads\/2017\/11\/Maestro-del-maestro-lee-270x300.jpg\" alt=\"\" width=\"270\" height=\"300\" srcset=\"http:\/\/centropyodeestudiosdeltao.com\/cpdedt\/wp-content\/uploads\/2017\/11\/Maestro-del-maestro-lee-270x300.jpg 270w, http:\/\/centropyodeestudiosdeltao.com\/cpdedt\/wp-content\/uploads\/2017\/11\/Maestro-del-maestro-lee.jpg 677w\" sizes=\"auto, (max-width: 270px) 100vw, 270px\" \/><strong>&nbsp; &nbsp; &nbsp; &nbsp; &nbsp; &nbsp; &nbsp; &nbsp; &nbsp; &nbsp; &nbsp; &nbsp; &nbsp; &nbsp;<\/strong><\/p>\n<p><strong>&nbsp; &nbsp; &nbsp; &nbsp; &nbsp; &nbsp; &nbsp; &nbsp; &nbsp; &nbsp;Grand Master Choi Young Sool .- Maestro Chino del Gran Maestro Lee Han Chul<\/strong>.<\/p>\n<p>simult\u00e1neamente algunos y otros con mucha anterioridad, artes especialmente coreanas de origen y principalmente basado en el movimiento circular del Hapkido, se caracteriza por ser un arte marcial de profundo sentido budista Zen, en el cual la pr\u00e1ctica de la meditaci\u00f3n, respiraci\u00f3n y el cultivo del ki, aprendida de los templos de Corea por GM Lee Han Chul le dar\u00eda una armon\u00eda perfecta, haci\u00e9ndola m\u00e1s pr\u00e1ctica y real para la pr\u00e1ctica cotidiana de la vida actual. La historia de las artes marciales coreanas es tan antigua como la historia propia de Oriente y la m\u00e1s conocida historia militar de sus vecinos, China y Jap\u00f3n. La pen\u00ednsula coreana ha estado siempre en la posici\u00f3n \u00fanica de servir como una especie de puente geogr\u00e1fico entre China y Jap\u00f3n, y este ha sido el caso culturalmente a\u00fan m\u00e1s. Aunque Corea tiene su propio lenguaje, identidad y distinci\u00f3n de etnias, la cultura coreana fue formada por el intercambio de las ideas e influencias entre estos tres pa\u00edses a lo largo de los siglos e incluso contribuy\u00f3 sustancialmente a las culturas de los mismos vecinos. Por lo tanto, para comprender mejor las artes marciales, la historia y la cultura de Corea en general es muy importante conocer la cultura de los pa\u00edses vecinos China y Jap\u00f3n.<\/p>\n<p style=\"text-align: center;\"><strong>ANTECEDENTES DE SU CREACI\u00d3N<\/strong><\/p>\n<p><img loading=\"lazy\" decoding=\"async\" class=\"alignnone size-medium wp-image-197 aligncenter\" src=\"http:\/\/centropyodeestudiosdeltao.com\/cpdedt\/wp-content\/uploads\/2017\/11\/BlackBeltClub-283x300.jpg\" alt=\"\" width=\"283\" height=\"300\" srcset=\"http:\/\/centropyodeestudiosdeltao.com\/cpdedt\/wp-content\/uploads\/2017\/11\/BlackBeltClub-283x300.jpg 283w, http:\/\/centropyodeestudiosdeltao.com\/cpdedt\/wp-content\/uploads\/2017\/11\/BlackBeltClub.jpg 574w\" sizes=\"auto, (max-width: 283px) 100vw, 283px\" \/><\/p>\n<p>RELACI\u00d3N CON EL HAPKIDO Debido a que los fundadores de los estilos tales como Bulmoodo, Kuksoolwon, Kuksoolkwan Hapkido y Hwarangdo, etc. fueron disc\u00edpulos directos del GM Yong Sool Choi, fundador de Hapkido de Corea, en las t\u00e9cnicas de estos estilos se observan muchas t\u00e9cnicas de Hapkido. Para la mayor comprensi\u00f3n se describe a continuaci\u00f3n un contenido sustra\u00eddo de la KUKSOOLKWAN ASSOCIATION, Irvine California, EE.UU. ( <span style=\"color: #000000;\"><a style=\"color: #000000;\" href=\"http:\/\/www.kuksoolkwan.com\/\">http:\/\/www.kuksoolkwan.com\/<\/a><\/span>) El fundador de Hapkido coreano GM Choi Yong Sool fue alumno directo de GM Sokaku Takeda (maestro japon\u00e9s de Daitoryu Aiki Jujitsu) durante varias d\u00e9cadas en Jap\u00f3n. GM Sokaku Takeda sugiere fuertemente que regresara GM Choi a Corea despu\u00e9s de la Segunda Guerra Mundial, ya que era peligroso para \u00e9l permanecer en Jap\u00f3n como el heredero de Corea a un linaje marcial japon\u00e9s. As\u00ed lo hizo y tom\u00f3 su nombre original de Choi Yong-Sul. Abri\u00f3 un gimnasio Aikijutsu en Corea y comenz\u00f3 a ense\u00f1ar. La pronunciaci\u00f3n de los caracteres coreanos \u00abAi-ki-do\u00bb es \u00abHap-ki-do\u00bb, por lo que Choi Yong-Sul comenz\u00f3 a ense\u00f1ar su arte como en la ciudad de Taegue Hapkido en Corea. Hapkido desde entonces ha proliferado en todo el mundo, pero todos Hapkido en todas sus formas se basa en las ense\u00f1anzas de Choi Yong-Sul, su fundador. El fundador de Hapkido GM Choi Yong Sool ense\u00f1\u00f3 a muchos estudiantes coreanos el arte de Hapkido, sin embargo, hay siete disc\u00edpulos de primordial importancia: \u2022 Ji Han Jae \u2022 Lee Han Chul \u2022 Myung Je Nam \u2022 Huh Il Woong \u2022 Lee Joo Bang \u2022 Suh In Hyuk \u2022 Kim Woo Tak Estos maestros son los fundadores de los todos movimientos y las escuelas que existen dentro de la familia de las artes Hapkido. Estos hombres en la parte superior de la lista son todos los patriarcas de las artes modernas que han conservado el nombre \u00abHapkido\u00bb, y muchos de los estilos de hapkido o escuelas que uno encuentra en la actualidad se remontan a uno de ellos. El segundo y los tres \u00faltimos hombres de la lista, por otra parte, estaban interesados en a\u00f1adir al Hapkido con otras artes marciales y t\u00e9cnicas que se hab\u00edan reunido de otras fuentes que fueron practicando simult\u00e1neamente algunos y otros con mucha anterioridad, artes especialmente coreanas de origen, estos maestros con un profundo amor a corea y a fin de preservar el arte coreano y transmitirlo al mundo deciden a\u00f1adir las t\u00e9cnicas de origen coreano por excelencia. Es as\u00ed que en 1960, Lee Han chul, Lee Joo-Bang, Suh In Hyuk, Kim Woo Tak y varios otros todos reunidos en una escuela mezclaron la pr\u00e1ctica de hapkido y reviviendo las artes marciales tradicionales nativas de Corea. Llamaron a esta escuela \u201cDe Han Kuk Mu Sool Hyup Hwe,\u201d la Asociaci\u00f3n de Artes Marciales de Corea, o Kuk Sool Hwe para abreviar. En 1964, se dividi\u00f3 Kuk Sool Hwe. Gran Maestro In Hyuk Suh y &nbsp;Maestro Dr. Lee han Chul dejaron &nbsp;la \u201cDe Han Kuk Mu Sool Hyup Hwe,\u201d para fundar su propia Kuk Sool Won Hapkido, Maestro &nbsp;Dr. Lee Joo Bang consolidado sus conocimientos en el arte Hwarangdo, entonces llamada \u00abHwarangdo y Hapkido\u00bb. Gran Maestro Kim Woo Tak funda la Kuk Sool Kwan. Despu\u00e9s el Gran Maestro Lee Han Chul funda \u00abBul Mu Do\u00bb. (Fuente: <span style=\"color: #000000;\"><a style=\"color: #000000;\" href=\"http:\/\/www.kuksoolkwan.com\/\">http:\/\/www.kuksoolkwan.com\/<\/a><\/span>)<\/p>\n<p>&nbsp;<\/p>\n<p><img loading=\"lazy\" decoding=\"async\" class=\"alignnone wp-image-222\" src=\"http:\/\/centropyodeestudiosdeltao.com\/cpdedt\/wp-content\/uploads\/2017\/11\/MTRO-LEE2-237x300.jpg\" alt=\"\" width=\"183\" height=\"231\" srcset=\"http:\/\/centropyodeestudiosdeltao.com\/cpdedt\/wp-content\/uploads\/2017\/11\/MTRO-LEE2-237x300.jpg 237w, http:\/\/centropyodeestudiosdeltao.com\/cpdedt\/wp-content\/uploads\/2017\/11\/MTRO-LEE2.jpg 315w\" sizes=\"auto, (max-width: 183px) 100vw, 183px\" \/><img loading=\"lazy\" decoding=\"async\" class=\"alignnone wp-image-235\" src=\"http:\/\/centropyodeestudiosdeltao.com\/cpdedt\/wp-content\/uploads\/2017\/11\/G.M.-IN-SUN-SEO.2.bmp\" alt=\"\" width=\"168\" height=\"228\"><img loading=\"lazy\" decoding=\"async\" class=\"alignnone wp-image-234\" src=\"http:\/\/centropyodeestudiosdeltao.com\/cpdedt\/wp-content\/uploads\/2017\/11\/AMOCHANG-KIM-HE.YOUNG_.bmp\" alt=\"\" width=\"155\" height=\"230\"><img loading=\"lazy\" decoding=\"async\" class=\"alignnone wp-image-215\" src=\"http:\/\/centropyodeestudiosdeltao.com\/cpdedt\/wp-content\/uploads\/2017\/11\/IN-HYUK-SUH-234x300.jpg\" alt=\"\" width=\"181\" height=\"232\" srcset=\"http:\/\/centropyodeestudiosdeltao.com\/cpdedt\/wp-content\/uploads\/2017\/11\/IN-HYUK-SUH-234x300.jpg 234w, http:\/\/centropyodeestudiosdeltao.com\/cpdedt\/wp-content\/uploads\/2017\/11\/IN-HYUK-SUH.jpg 382w\" sizes=\"auto, (max-width: 181px) 100vw, 181px\" \/><\/p>\n<p><strong>CREACI\u00d3N DE \u201cKUK SOOL HWE\u201d<\/strong> En 1962, los maestros \u201cLee Han-Chul, Lee Joo-Bang(Hwarangdo), Suh In-Hyuk(Kuksoolwon), Kim Woo-Tak(Kuksoolkwan Hapkido), Dr. Huh Il-Woong (Wushu, Hapki Yukwonsool), fundan una asociaci\u00f3n de Artes Marciales de Corea llamada \u201cKuk Sool Hwe (1962-1964, &nbsp;De Han Kuk Mu Sool Hyup Hwe, o Kuk Sool Hwe para abreviar), a fin de preservar el arte coreano y transmitirlo al mundo deciden a\u00f1adir las t\u00e9cnicas de origen coreano por excelencia reunidos en una escuela mezclaron la pr\u00e1ctica de Hapkido y las t\u00e9cnicas tradicionales de Corea y reviviendo asi las artes marciales tradiciones nativas de Corea. El Kuk Sool Hwe era un verdadero mundo de artes marciales coreanas. Las t\u00e9cnicas de formaci\u00f3n de gran cantidad &nbsp;de patadas que algunos de ellos hab\u00edan adquirido de los templos budistas fueron introducidas junto con el Hapkido. Artes de Palma sorprendente de \u00abSipalki\u00bb y las t\u00e9cnicas obtenidas del arte marcial de la Corte Real (Kungjungmusul), junto con formas de animales de la grulla blanca del Norte y Praying Mantis, las armas fueron capacitadas, junto con los m\u00e9todos budistas y &nbsp;tao\u00edstas de cultivo de ki. En 1964, Se disuelve la Kuk Sool Hwe, cada maestro decide tomar su propio camino.<\/p>\n<p><img loading=\"lazy\" decoding=\"async\" class=\"alignnone wp-image-222 alignleft\" src=\"http:\/\/centropyodeestudiosdeltao.com\/cpdedt\/wp-content\/uploads\/2017\/11\/MTRO-LEE2-237x300.jpg\" alt=\"\" width=\"194\" height=\"246\" srcset=\"http:\/\/centropyodeestudiosdeltao.com\/cpdedt\/wp-content\/uploads\/2017\/11\/MTRO-LEE2-237x300.jpg 237w, http:\/\/centropyodeestudiosdeltao.com\/cpdedt\/wp-content\/uploads\/2017\/11\/MTRO-LEE2.jpg 315w\" sizes=\"auto, (max-width: 194px) 100vw, 194px\" \/><img loading=\"lazy\" decoding=\"async\" class=\"wp-image-215 alignleft\" src=\"http:\/\/centropyodeestudiosdeltao.com\/cpdedt\/wp-content\/uploads\/2017\/11\/IN-HYUK-SUH-234x300.jpg\" alt=\"\" width=\"193\" height=\"247\" srcset=\"http:\/\/centropyodeestudiosdeltao.com\/cpdedt\/wp-content\/uploads\/2017\/11\/IN-HYUK-SUH-234x300.jpg 234w, http:\/\/centropyodeestudiosdeltao.com\/cpdedt\/wp-content\/uploads\/2017\/11\/IN-HYUK-SUH.jpg 382w\" sizes=\"auto, (max-width: 193px) 100vw, 193px\" \/><\/p>\n<p>&nbsp;<\/p>\n<p>&nbsp;<\/p>\n<p>&nbsp;<\/p>\n<p>&nbsp;<\/p>\n<p>&nbsp;<\/p>\n<p>&nbsp;<\/p>\n<p>&nbsp;<\/p>\n<p>&nbsp;<\/p>\n<p>&nbsp;<\/p>\n<p><strong>CREACI\u00d3N DE \u201cKUK SOOL WON HAPKIDO\u201d<\/strong> En 1963, GM In Hyuk Suh y GM Lee Han Chul crean la escuela llamada Kuksoolwon Hapkido, bajo el principio de Hapkido \u201cYOU WON HWA (Suavidad, C\u00edrculo, Armon\u00eda)\u201d en Pusan y en el mismo a\u00f1o GM Lee Han Chul crea su escuela en Suh Dae Moon de Se\u00fal. En 1966, GM LEE HAN CHUL crea su escuela central llamada \u201cSe\u00fal Kuksoolwon Hapkido\u201d. Miembros fundadores (Presidente Park Jae Ho, Director General: Lee Han Chul, Maestros: Shin Namsuk, Son Jungsun, Kwon Anyong, Lee Jongsam, Kang Ikcho, etc.) En 1970, GM Lee Han Chul decide separarse de Kuksoolwon de GM In Hyuk Suh por diferencias.<\/p>\n<p>&nbsp;<\/p>\n<p><img loading=\"lazy\" decoding=\"async\" class=\"alignnone wp-image-195\" src=\"http:\/\/centropyodeestudiosdeltao.com\/cpdedt\/wp-content\/uploads\/2017\/11\/Nueva-imagen-300x240.jpg\" alt=\"\" width=\"346\" height=\"277\" srcset=\"http:\/\/centropyodeestudiosdeltao.com\/cpdedt\/wp-content\/uploads\/2017\/11\/Nueva-imagen-300x240.jpg 300w, http:\/\/centropyodeestudiosdeltao.com\/cpdedt\/wp-content\/uploads\/2017\/11\/Nueva-imagen-768x614.jpg 768w, http:\/\/centropyodeestudiosdeltao.com\/cpdedt\/wp-content\/uploads\/2017\/11\/Nueva-imagen-1024x819.jpg 1024w, http:\/\/centropyodeestudiosdeltao.com\/cpdedt\/wp-content\/uploads\/2017\/11\/Nueva-imagen-820x656.jpg 820w\" sizes=\"auto, (max-width: 346px) 100vw, 346px\" \/><img loading=\"lazy\" decoding=\"async\" class=\"alignnone wp-image-194\" src=\"http:\/\/centropyodeestudiosdeltao.com\/cpdedt\/wp-content\/uploads\/2017\/11\/MAESTRO-LEE-HAN-CHUL-EN-TEMPLO-DE-KOREA.1.bmp\" alt=\"\" width=\"343\" height=\"280\"><\/p>\n<p><span style=\"color: #993300;\"><strong>CREACI\u00d3N DE \u201cBULMOODO\u201d<\/strong><\/span><\/p>\n<p>En 1968, GM Lee Han Chul, por su alto estudio en la filosof\u00eda Zen bajo la ense\u00f1anza de los Grandes Monjes de Corea, llega a comprender la verdadera esencia del camino de arte marcial y decide crear un estilo llamado \u201cBULMOODO o BULMUDO\u201d, con el apoyo de los Grandes Monjes Budistas de ese tiempo en el Templo \u201cChoguesa\u201d (o Joyguesa) del Orden Budista Central de Chogue (o Jogye) &nbsp;en Se\u00fal, Corea. BULMOODO es un arte marcial de profundo sentido budista por la introducci\u00f3n de la filosof\u00eda Zen en la pr\u00e1ctica mental, adem\u00e1s de la mezcla de diversas artes marciales tradicionales coreanas, ser\u00eda un arte marcial en el cual la pr\u00e1ctica de la meditaci\u00f3n, respiraci\u00f3n y el cultivo del Ki (energ\u00eda vital), aprendida de los templos de Corea por GM Lee Han Chul tiene un peso fundamental que le dar\u00eda una armon\u00eda perfecta entre la mente y el f\u00edsico.<\/p>\n","protected":false},"excerpt":{"rendered":"<p>\u00bfQU\u00c9 ES BULMOODO? BULMOODO fue ideado en la d\u00e9cada de 1960 en Corea por el GM Dr. Lee Han Chul y se compone de varias tradiciones de artes marciales que exist\u00edan en Corea: Hapkido, Kuk Sool Won Hapkido, Yusool, Ssireum (tradicional lucha coreana), Sipalki, Kung-Fu (Shaolin, Grulla Blanca, Palma de Tigre y Mantis, etc.) y [&hellip;]<\/p>\n","protected":false},"author":1,"featured_media":0,"parent":0,"menu_order":0,"comment_status":"closed","ping_status":"closed","template":"","meta":{"om_disable_all_campaigns":false,"_monsterinsights_skip_tracking":false,"_monsterinsights_sitenote_active":false,"_monsterinsights_sitenote_note":"","_monsterinsights_sitenote_category":0,"footnotes":""},"class_list":["post-236","page","type-page","status-publish","hentry"],"yoast_head":"<!-- This site is optimized with the Yoast SEO plugin v25.7 - https:\/\/yoast.com\/wordpress\/plugins\/seo\/ -->\n<title>KOREAN BUL MOO DO o KOREAN BUL MU DO - Centro de Estudios del Tao (C.E.T.) \u2013 Centro Paraguayo de Artes Marciales Internas. (C.E.P.A.M.I.)<\/title>\n<meta name=\"robots\" content=\"index, follow, max-snippet:-1, max-image-preview:large, max-video-preview:-1\" \/>\n<link rel=\"canonical\" href=\"https:\/\/centropyodeestudiosdeltao.com\/cpdedt\/?page_id=236\" \/>\n<meta property=\"og:locale\" content=\"es_ES\" \/>\n<meta property=\"og:type\" content=\"article\" \/>\n<meta property=\"og:title\" content=\"KOREAN BUL MOO DO o KOREAN BUL MU DO - Centro de Estudios del Tao (C.E.T.) \u2013 Centro Paraguayo de Artes Marciales Internas. (C.E.P.A.M.I.)\" \/>\n<meta property=\"og:description\" content=\"\u00bfQU\u00c9 ES BULMOODO? BULMOODO fue ideado en la d\u00e9cada de 1960 en Corea por el GM Dr. Lee Han Chul y se compone de varias tradiciones de artes marciales que exist\u00edan en Corea: Hapkido, Kuk Sool Won Hapkido, Yusool, Ssireum (tradicional lucha coreana), Sipalki, Kung-Fu (Shaolin, Grulla Blanca, Palma de Tigre y Mantis, etc.) y [&hellip;]\" \/>\n<meta property=\"og:url\" content=\"https:\/\/centropyodeestudiosdeltao.com\/cpdedt\/?page_id=236\" \/>\n<meta property=\"og:site_name\" content=\"Centro de Estudios del Tao (C.E.T.) \u2013 Centro Paraguayo de Artes Marciales Internas. (C.E.P.A.M.I.)\" \/>\n<meta property=\"article:modified_time\" content=\"2025-09-22T16:35:28+00:00\" \/>\n<meta property=\"og:image\" content=\"http:\/\/centropyodeestudiosdeltao.com\/cpdedt\/wp-content\/uploads\/2017\/11\/zen1.2.bmp\" \/>\n<meta name=\"twitter:card\" content=\"summary_large_image\" \/>\n<meta name=\"twitter:label1\" content=\"Tiempo de lectura\" \/>\n\t<meta name=\"twitter:data1\" content=\"7 minutos\" \/>\n<script type=\"application\/ld+json\" class=\"yoast-schema-graph\">{\"@context\":\"https:\/\/schema.org\",\"@graph\":[{\"@type\":\"WebPage\",\"@id\":\"https:\/\/centropyodeestudiosdeltao.com\/cpdedt\/?page_id=236\",\"url\":\"https:\/\/centropyodeestudiosdeltao.com\/cpdedt\/?page_id=236\",\"name\":\"KOREAN BUL MOO DO o KOREAN BUL MU DO - Centro de Estudios del Tao (C.E.T.) \u2013 Centro Paraguayo de Artes Marciales Internas. (C.E.P.A.M.I.)\",\"isPartOf\":{\"@id\":\"http:\/\/centropyodeestudiosdeltao.com\/cpdedt\/#website\"},\"primaryImageOfPage\":{\"@id\":\"https:\/\/centropyodeestudiosdeltao.com\/cpdedt\/?page_id=236#primaryimage\"},\"image\":{\"@id\":\"https:\/\/centropyodeestudiosdeltao.com\/cpdedt\/?page_id=236#primaryimage\"},\"thumbnailUrl\":\"http:\/\/centropyodeestudiosdeltao.com\/cpdedt\/wp-content\/uploads\/2017\/11\/zen1.2.bmp\",\"datePublished\":\"2017-11-28T17:29:36+00:00\",\"dateModified\":\"2025-09-22T16:35:28+00:00\",\"breadcrumb\":{\"@id\":\"https:\/\/centropyodeestudiosdeltao.com\/cpdedt\/?page_id=236#breadcrumb\"},\"inLanguage\":\"es\",\"potentialAction\":[{\"@type\":\"ReadAction\",\"target\":[\"https:\/\/centropyodeestudiosdeltao.com\/cpdedt\/?page_id=236\"]}]},{\"@type\":\"ImageObject\",\"inLanguage\":\"es\",\"@id\":\"https:\/\/centropyodeestudiosdeltao.com\/cpdedt\/?page_id=236#primaryimage\",\"url\":\"http:\/\/centropyodeestudiosdeltao.com\/cpdedt\/wp-content\/uploads\/2017\/11\/zen1.2.bmp\",\"contentUrl\":\"http:\/\/centropyodeestudiosdeltao.com\/cpdedt\/wp-content\/uploads\/2017\/11\/zen1.2.bmp\",\"width\":193,\"height\":151},{\"@type\":\"BreadcrumbList\",\"@id\":\"https:\/\/centropyodeestudiosdeltao.com\/cpdedt\/?page_id=236#breadcrumb\",\"itemListElement\":[{\"@type\":\"ListItem\",\"position\":1,\"name\":\"Home\",\"item\":\"http:\/\/centropyodeestudiosdeltao.com\/cpdedt\/\"},{\"@type\":\"ListItem\",\"position\":2,\"name\":\"KOREAN BUL MOO DO o KOREAN BUL MU DO\"}]},{\"@type\":\"WebSite\",\"@id\":\"http:\/\/centropyodeestudiosdeltao.com\/cpdedt\/#website\",\"url\":\"http:\/\/centropyodeestudiosdeltao.com\/cpdedt\/\",\"name\":\"Centro de Estudios del Tao (C.E.T.) \u2013 Centro Paraguayo de Artes Marciales Internas. (C.E.P.A.M.I.)\",\"description\":\"TAI CHI CHUAN (TAIJIQUAN) * BA GUA ZHANG (PA KWA CHANG) * XING YI QUAN (HSING I CHUAN) * KUK SOOL WON KI DO KOREA HAPKIDO * ( KUNG FU BUDDHISTA KOREANO -. BUL MOO DO (XING JIA). * KI GONG (CHI KUNG).* MANEJO DE LOS PUNTOS DE PRESI\u00d3N. * PYUNG SOO DO (PIONG SU DO - PALMA DE ENERG\u00cdA INTERNA. * HATHA YOGA - * YOGA INTEGRAL - *  YOGA DIN\u00c1MICO.  * YOGA COREANO (HAN DAHN SOOL).  * YOGA TANTRICO. * BUDDHISMO MAHAYANA: * BUDDHISMO CHAN\/SEON\/ZEN - * TIBETANO Y T\u00c0NTRICO. (COMO FILOSOF\u00cdA DE VIDA) * MEDITACI\u00d3N BUDDHISTA - * ALQUIMIA BUDDHISTA * TAO HUANG LAO *-  * TAO\u00cdSMO COMO FILOSOF\u00cdA DE VIDA - * QI GONG (CHI KUNG TAO\u00cdSTA) -*  ALQUIMIA TAO\u00ccSTA - * TAO\u00cdSMO DUAL (EN PAREJAS) - * FILOSOF\u00cdA DEL TAI CHI CHUAN - BA GUA ZHANG - WU XING. * MEDITACI\u00d3N TAO\u00ccSTA. * TAO DEL AMOR. * REIKI DO - (USUI REIKI RYOHO) - * BUDDHO REIKI ENERSENSE - * DIGITOPUNTURA - * ACUPRESURA - * MANEJO DE ENERG\u00cdA INTERNA. \",\"potentialAction\":[{\"@type\":\"SearchAction\",\"target\":{\"@type\":\"EntryPoint\",\"urlTemplate\":\"http:\/\/centropyodeestudiosdeltao.com\/cpdedt\/?s={search_term_string}\"},\"query-input\":{\"@type\":\"PropertyValueSpecification\",\"valueRequired\":true,\"valueName\":\"search_term_string\"}}],\"inLanguage\":\"es\"}]}<\/script>\n<!-- \/ Yoast SEO plugin. -->","yoast_head_json":{"title":"KOREAN BUL MOO DO o KOREAN BUL MU DO - Centro de Estudios del Tao (C.E.T.) \u2013 Centro Paraguayo de Artes Marciales Internas. (C.E.P.A.M.I.)","robots":{"index":"index","follow":"follow","max-snippet":"max-snippet:-1","max-image-preview":"max-image-preview:large","max-video-preview":"max-video-preview:-1"},"canonical":"https:\/\/centropyodeestudiosdeltao.com\/cpdedt\/?page_id=236","og_locale":"es_ES","og_type":"article","og_title":"KOREAN BUL MOO DO o KOREAN BUL MU DO - Centro de Estudios del Tao (C.E.T.) \u2013 Centro Paraguayo de Artes Marciales Internas. (C.E.P.A.M.I.)","og_description":"\u00bfQU\u00c9 ES BULMOODO? BULMOODO fue ideado en la d\u00e9cada de 1960 en Corea por el GM Dr. Lee Han Chul y se compone de varias tradiciones de artes marciales que exist\u00edan en Corea: Hapkido, Kuk Sool Won Hapkido, Yusool, Ssireum (tradicional lucha coreana), Sipalki, Kung-Fu (Shaolin, Grulla Blanca, Palma de Tigre y Mantis, etc.) y [&hellip;]","og_url":"https:\/\/centropyodeestudiosdeltao.com\/cpdedt\/?page_id=236","og_site_name":"Centro de Estudios del Tao (C.E.T.) \u2013 Centro Paraguayo de Artes Marciales Internas. (C.E.P.A.M.I.)","article_modified_time":"2025-09-22T16:35:28+00:00","og_image":[{"url":"http:\/\/centropyodeestudiosdeltao.com\/cpdedt\/wp-content\/uploads\/2017\/11\/zen1.2.bmp","type":"","width":"","height":""}],"twitter_card":"summary_large_image","twitter_misc":{"Tiempo de lectura":"7 minutos"},"schema":{"@context":"https:\/\/schema.org","@graph":[{"@type":"WebPage","@id":"https:\/\/centropyodeestudiosdeltao.com\/cpdedt\/?page_id=236","url":"https:\/\/centropyodeestudiosdeltao.com\/cpdedt\/?page_id=236","name":"KOREAN BUL MOO DO o KOREAN BUL MU DO - Centro de Estudios del Tao (C.E.T.) \u2013 Centro Paraguayo de Artes Marciales Internas. (C.E.P.A.M.I.)","isPartOf":{"@id":"http:\/\/centropyodeestudiosdeltao.com\/cpdedt\/#website"},"primaryImageOfPage":{"@id":"https:\/\/centropyodeestudiosdeltao.com\/cpdedt\/?page_id=236#primaryimage"},"image":{"@id":"https:\/\/centropyodeestudiosdeltao.com\/cpdedt\/?page_id=236#primaryimage"},"thumbnailUrl":"http:\/\/centropyodeestudiosdeltao.com\/cpdedt\/wp-content\/uploads\/2017\/11\/zen1.2.bmp","datePublished":"2017-11-28T17:29:36+00:00","dateModified":"2025-09-22T16:35:28+00:00","breadcrumb":{"@id":"https:\/\/centropyodeestudiosdeltao.com\/cpdedt\/?page_id=236#breadcrumb"},"inLanguage":"es","potentialAction":[{"@type":"ReadAction","target":["https:\/\/centropyodeestudiosdeltao.com\/cpdedt\/?page_id=236"]}]},{"@type":"ImageObject","inLanguage":"es","@id":"https:\/\/centropyodeestudiosdeltao.com\/cpdedt\/?page_id=236#primaryimage","url":"http:\/\/centropyodeestudiosdeltao.com\/cpdedt\/wp-content\/uploads\/2017\/11\/zen1.2.bmp","contentUrl":"http:\/\/centropyodeestudiosdeltao.com\/cpdedt\/wp-content\/uploads\/2017\/11\/zen1.2.bmp","width":193,"height":151},{"@type":"BreadcrumbList","@id":"https:\/\/centropyodeestudiosdeltao.com\/cpdedt\/?page_id=236#breadcrumb","itemListElement":[{"@type":"ListItem","position":1,"name":"Home","item":"http:\/\/centropyodeestudiosdeltao.com\/cpdedt\/"},{"@type":"ListItem","position":2,"name":"KOREAN BUL MOO DO o KOREAN BUL MU DO"}]},{"@type":"WebSite","@id":"http:\/\/centropyodeestudiosdeltao.com\/cpdedt\/#website","url":"http:\/\/centropyodeestudiosdeltao.com\/cpdedt\/","name":"Centro de Estudios del Tao (C.E.T.) \u2013 Centro Paraguayo de Artes Marciales Internas. (C.E.P.A.M.I.)","description":"TAI CHI CHUAN (TAIJIQUAN) * BA GUA ZHANG (PA KWA CHANG) * XING YI QUAN (HSING I CHUAN) * KUK SOOL WON KI DO KOREA HAPKIDO * ( KUNG FU BUDDHISTA KOREANO -. BUL MOO DO (XING JIA). * KI GONG (CHI KUNG).* MANEJO DE LOS PUNTOS DE PRESI\u00d3N. * PYUNG SOO DO (PIONG SU DO - PALMA DE ENERG\u00cdA INTERNA. * HATHA YOGA - * YOGA INTEGRAL - *  YOGA DIN\u00c1MICO.  * YOGA COREANO (HAN DAHN SOOL).  * YOGA TANTRICO. * BUDDHISMO MAHAYANA: * BUDDHISMO CHAN\/SEON\/ZEN - * TIBETANO Y T\u00c0NTRICO. (COMO FILOSOF\u00cdA DE VIDA) * MEDITACI\u00d3N BUDDHISTA - * ALQUIMIA BUDDHISTA * TAO HUANG LAO *-  * TAO\u00cdSMO COMO FILOSOF\u00cdA DE VIDA - * QI GONG (CHI KUNG TAO\u00cdSTA) -*  ALQUIMIA TAO\u00ccSTA - * TAO\u00cdSMO DUAL (EN PAREJAS) - * FILOSOF\u00cdA DEL TAI CHI CHUAN - BA GUA ZHANG - WU XING. * MEDITACI\u00d3N TAO\u00ccSTA. * TAO DEL AMOR. * REIKI DO - (USUI REIKI RYOHO) - * BUDDHO REIKI ENERSENSE - * DIGITOPUNTURA - * ACUPRESURA - * MANEJO DE ENERG\u00cdA INTERNA. ","potentialAction":[{"@type":"SearchAction","target":{"@type":"EntryPoint","urlTemplate":"http:\/\/centropyodeestudiosdeltao.com\/cpdedt\/?s={search_term_string}"},"query-input":{"@type":"PropertyValueSpecification","valueRequired":true,"valueName":"search_term_string"}}],"inLanguage":"es"}]}},"_links":{"self":[{"href":"http:\/\/centropyodeestudiosdeltao.com\/cpdedt\/index.php?rest_route=\/wp\/v2\/pages\/236","targetHints":{"allow":["GET"]}}],"collection":[{"href":"http:\/\/centropyodeestudiosdeltao.com\/cpdedt\/index.php?rest_route=\/wp\/v2\/pages"}],"about":[{"href":"http:\/\/centropyodeestudiosdeltao.com\/cpdedt\/index.php?rest_route=\/wp\/v2\/types\/page"}],"author":[{"embeddable":true,"href":"http:\/\/centropyodeestudiosdeltao.com\/cpdedt\/index.php?rest_route=\/wp\/v2\/users\/1"}],"replies":[{"embeddable":true,"href":"http:\/\/centropyodeestudiosdeltao.com\/cpdedt\/index.php?rest_route=%2Fwp%2Fv2%2Fcomments&post=236"}],"version-history":[{"count":7,"href":"http:\/\/centropyodeestudiosdeltao.com\/cpdedt\/index.php?rest_route=\/wp\/v2\/pages\/236\/revisions"}],"predecessor-version":[{"id":32875,"href":"http:\/\/centropyodeestudiosdeltao.com\/cpdedt\/index.php?rest_route=\/wp\/v2\/pages\/236\/revisions\/32875"}],"wp:attachment":[{"href":"http:\/\/centropyodeestudiosdeltao.com\/cpdedt\/index.php?rest_route=%2Fwp%2Fv2%2Fmedia&parent=236"}],"curies":[{"name":"wp","href":"https:\/\/api.w.org\/{rel}","templated":true}]}}