{"id":240,"date":"2017-11-28T18:10:33","date_gmt":"2017-11-28T18:10:33","guid":{"rendered":"http:\/\/centropyodeestudiosdeltao.com\/cpdedt\/?page_id=240"},"modified":"2017-12-18T16:16:25","modified_gmt":"2017-12-18T16:16:25","slug":"gran-maestro-10o-dan-dr-han-chul-lee-lee-han-chul","status":"publish","type":"page","link":"http:\/\/centropyodeestudiosdeltao.com\/cpdedt\/?page_id=240","title":{"rendered":"GRAN MAESTRO 10\u00ba DAN  DR.  HAN CHUL LEE. (LEE HAN CHUL)"},"content":{"rendered":"<p><img loading=\"lazy\" decoding=\"async\" class=\"alignnone size-full wp-image-218\" src=\"http:\/\/centropyodeestudiosdeltao.com\/cpdedt\/wp-content\/uploads\/2017\/11\/MAESTRO-LEE-Y-GUARDIANES.bmp\" alt=\"\" width=\"684\" height=\"415\" \/><\/p>\n<p style=\"text-align: justify;\"><b><span lang=\"ES\" style=\"font-size: 16.0pt; font-family: 'Arial','sans-serif';\">GRAND MASTER 10 DAN<\/span><\/b><span lang=\"ES\" style=\"font-size: 16.0pt; font-family: 'Arial','sans-serif';\"> DR. HAN CHUL LEE<\/span><\/p>\n<p style=\"text-align: justify;\"><span lang=\"ES\" style=\"font-size: 16.0pt; font-family: 'Arial','sans-serif';\">\u00a0Nace en la Ciudad de Gangneung, Provincia de Gangwon- Do de la Rca. de Corea, el 06 de Diciembre de 1940. 1954-1961 Recibe ense\u00f1anza de los eminentes maestros y monjes budistas.(Artes marciales, acupuntura y filosof\u00eda). Entre ellos pueden ser citados los siguientes maestros: GM Choi, Yong Sool, fundador de Hapki-Yukwonsool (Hapkido), Gran Monje Zen Dr. Kyung Bo Seo y Gran Monje Zen Cheongdam Sunim, etc.<\/span><\/p>\n<p>\u00a0<img loading=\"lazy\" decoding=\"async\" class=\"alignnone size-medium wp-image-242\" src=\"http:\/\/centropyodeestudiosdeltao.com\/cpdedt\/wp-content\/uploads\/2017\/11\/LEE-MASTER-CHEON-DAN-239x300.jpg\" alt=\"\" width=\"239\" height=\"300\" srcset=\"http:\/\/centropyodeestudiosdeltao.com\/cpdedt\/wp-content\/uploads\/2017\/11\/LEE-MASTER-CHEON-DAN-239x300.jpg 239w, http:\/\/centropyodeestudiosdeltao.com\/cpdedt\/wp-content\/uploads\/2017\/11\/LEE-MASTER-CHEON-DAN.jpg 340w\" sizes=\"auto, (max-width: 239px) 100vw, 239px\" \/><img loading=\"lazy\" decoding=\"async\" class=\"alignnone size-medium wp-image-243\" src=\"http:\/\/centropyodeestudiosdeltao.com\/cpdedt\/wp-content\/uploads\/2017\/11\/hapkido-1-235x300.jpg\" alt=\"\" width=\"235\" height=\"300\" srcset=\"http:\/\/centropyodeestudiosdeltao.com\/cpdedt\/wp-content\/uploads\/2017\/11\/hapkido-1-235x300.jpg 235w, http:\/\/centropyodeestudiosdeltao.com\/cpdedt\/wp-content\/uploads\/2017\/11\/hapkido-1.jpg 236w\" sizes=\"auto, (max-width: 235px) 100vw, 235px\" \/><img loading=\"lazy\" decoding=\"async\" class=\"alignnone size-medium wp-image-241\" src=\"http:\/\/centropyodeestudiosdeltao.com\/cpdedt\/wp-content\/uploads\/2017\/11\/VEN.-DR.-SEO-KYUNG-BO-187x300.jpg\" alt=\"\" width=\"187\" height=\"300\" srcset=\"http:\/\/centropyodeestudiosdeltao.com\/cpdedt\/wp-content\/uploads\/2017\/11\/VEN.-DR.-SEO-KYUNG-BO-187x300.jpg 187w, http:\/\/centropyodeestudiosdeltao.com\/cpdedt\/wp-content\/uploads\/2017\/11\/VEN.-DR.-SEO-KYUNG-BO.jpg 351w\" sizes=\"auto, (max-width: 187px) 100vw, 187px\" \/><\/p>\n<p style=\"text-align: justify;\"><span lang=\"ES\" style=\"font-size: 16.0pt; font-family: 'Arial','sans-serif';\">1962 Miembro de Kuk Sool Hwe (1962-1964, Han Mu Kuk Sool Hyup Hwe, la Asociaci\u00f3n de Artes Marciales de Corea, o Kuk Sool Hwe para abreviar). A fin de preservar el arte coreano y transmitirlo al mundo deciden a\u00f1adir las t\u00e9cnicas de origen coreano por excelencia entre los maestros compa\u00f1eros \u201cLee Han-Chul, Lee Joo-Bang, Suh In-Hyuk, Kim Wo<\/span><span style=\"font-family: Arial, sans-serif; font-size: 16pt;\">o-Tak y Dr. Huh Il-Woong reunidos en una escuela mezclaron la pr\u00e1ctica de Hapkido y las t\u00e9cnicas tradicionales de Corea y reviviendo as\u00ed las artes marciales tradiciones nativas de Corea. 1963 GM Lee Han Chul funda con su colega GM In-Hyuk Suh la academia llamada \u201cKUK SOOL WON HAPKIDO\u201d en Pusan, Corea. GM Lee Han Chul establece su dojang (Suh Dae Moon) en Se\u00fal, Corea. 1964 Se disuelve la Kuk Sool Hwe, cada maestro decide tomar su propio camino. 1965 GM Kim Woo-Tak funda la KUKSOOLKWAN HAPKIDO ASSOCIATION en Se\u00fal, Corea. 1966 GM LEE HAN CHUL crea su propia organizaci\u00f3n de Kuksoolwon Hapkido en Se\u00fal. (Miembros: Presidente Park Jae Ho, Director General: Lee Han Chul, Profesores: Shin Nam Suk, Song Jung Sun, Kwon An Yong, Lee Jong Sam, Kang Ik Cho, etc.)<\/span><\/p>\n<p>&nbsp;<\/p>\n<p><img loading=\"lazy\" decoding=\"async\" class=\"alignnone wp-image-195\" src=\"http:\/\/centropyodeestudiosdeltao.com\/cpdedt\/wp-content\/uploads\/2017\/11\/Nueva-imagen-300x240.jpg\" alt=\"\" width=\"319\" height=\"255\" srcset=\"http:\/\/centropyodeestudiosdeltao.com\/cpdedt\/wp-content\/uploads\/2017\/11\/Nueva-imagen-300x240.jpg 300w, http:\/\/centropyodeestudiosdeltao.com\/cpdedt\/wp-content\/uploads\/2017\/11\/Nueva-imagen-768x614.jpg 768w, http:\/\/centropyodeestudiosdeltao.com\/cpdedt\/wp-content\/uploads\/2017\/11\/Nueva-imagen-1024x819.jpg 1024w, http:\/\/centropyodeestudiosdeltao.com\/cpdedt\/wp-content\/uploads\/2017\/11\/Nueva-imagen-820x656.jpg 820w\" sizes=\"auto, (max-width: 319px) 100vw, 319px\" \/><img loading=\"lazy\" decoding=\"async\" class=\"alignnone wp-image-194\" src=\"http:\/\/centropyodeestudiosdeltao.com\/cpdedt\/wp-content\/uploads\/2017\/11\/MAESTRO-LEE-HAN-CHUL-EN-TEMPLO-DE-KOREA.1.bmp\" alt=\"\" width=\"310\" height=\"253\" \/><\/p>\n<p>&nbsp;<\/p>\n<p style=\"text-align: justify;\"><span lang=\"ES\" style=\"font-size: 16.0pt; font-family: 'Arial','sans-serif';\">1968 GM LEE HAN CHUL funda y asume el cargo del Presidente de la KOREA BULMOODO ASSOCIATION con el Gran Monje Zen Dr. Kyung Bo Seo y con el apoyo de los Grandes Monjes Budistas en el Templo \u201cChoguesa\u201d del Orden Budista Cent<\/span><span style=\"font-family: Arial, sans-serif; font-size: 16pt;\">ral de Chogue en Se\u00fal, Corea. GM LEE JOO-BANG funda la DAEHAN HWARANGDO ASSOCIATION en Se\u00fal, Corea. Miembro organizador del \u201cThe First Korea Martial Arts Championship\u201d celebrado en el Estadio Nacional \u201cJang Choong\u201d en Se\u00fal, Corea.<\/span><\/p>\n<p><img loading=\"lazy\" decoding=\"async\" class=\"alignnone wp-image-247\" src=\"http:\/\/centropyodeestudiosdeltao.com\/cpdedt\/wp-content\/uploads\/2017\/11\/LEE-JOO-BANG-MASTER.jpg\" alt=\"\" width=\"276\" height=\"276\" srcset=\"http:\/\/centropyodeestudiosdeltao.com\/cpdedt\/wp-content\/uploads\/2017\/11\/LEE-JOO-BANG-MASTER.jpg 155w, http:\/\/centropyodeestudiosdeltao.com\/cpdedt\/wp-content\/uploads\/2017\/11\/LEE-JOO-BANG-MASTER-150x150.jpg 150w\" sizes=\"auto, (max-width: 276px) 100vw, 276px\" \/><img loading=\"lazy\" decoding=\"async\" class=\"alignnone wp-image-222\" src=\"http:\/\/centropyodeestudiosdeltao.com\/cpdedt\/wp-content\/uploads\/2017\/11\/MTRO-LEE2-237x300.jpg\" alt=\"\" width=\"216\" height=\"273\" srcset=\"http:\/\/centropyodeestudiosdeltao.com\/cpdedt\/wp-content\/uploads\/2017\/11\/MTRO-LEE2-237x300.jpg 237w, http:\/\/centropyodeestudiosdeltao.com\/cpdedt\/wp-content\/uploads\/2017\/11\/MTRO-LEE2.jpg 315w\" sizes=\"auto, (max-width: 216px) 100vw, 216px\" \/><img loading=\"lazy\" decoding=\"async\" class=\"alignnone wp-image-215\" src=\"http:\/\/centropyodeestudiosdeltao.com\/cpdedt\/wp-content\/uploads\/2017\/11\/IN-HYUK-SUH-234x300.jpg\" alt=\"\" width=\"212\" height=\"272\" srcset=\"http:\/\/centropyodeestudiosdeltao.com\/cpdedt\/wp-content\/uploads\/2017\/11\/IN-HYUK-SUH-234x300.jpg 234w, http:\/\/centropyodeestudiosdeltao.com\/cpdedt\/wp-content\/uploads\/2017\/11\/IN-HYUK-SUH.jpg 382w\" sizes=\"auto, (max-width: 212px) 100vw, 212px\" \/><\/p>\n<p>&nbsp;<\/p>\n<p style=\"text-align: justify;\"><span lang=\"ES\" style=\"font-size: 16.0pt; font-family: 'Arial','sans-serif';\">1970 GM<\/span><span lang=\"ES\" style=\"font-size: 16.0pt; font-family: 'Arial','sans-serif';\"> Lee Han Chul decide separarse de Kuk Sool Won de GM In Hyuk Suh por diferencias. 1972 GM Dr. Lee Joo-Bang inmigra a EE.UU. en 1972 para difundir su arte de Hwanrangdo. <\/span><\/p>\n<p style=\"text-align: justify;\"><span lang=\"ES\" style=\"font-size: 16.0pt; font-family: 'Arial','sans-serif';\">1973 Recibe 9 dan del Gran Monje Zen Dr. Kyung Bo Seo, Presidente de la FEDERACI\u00d3N DE KONG SHIN DO y de la ASOCIACI\u00d3N COREANA DE BULMOODO, Corea (Agosto)<\/span><\/p>\n<p>&nbsp;<\/p>\n<p><img loading=\"lazy\" decoding=\"async\" class=\"wp-image-281 aligncenter\" style=\"text-align: justify;\" src=\"http:\/\/centropyodeestudiosdeltao.com\/cpdedt\/wp-content\/uploads\/2017\/11\/Sin-t\u00edtultitulo-maestro-lee-300x220.jpg\" alt=\"\" width=\"538\" height=\"394\" srcset=\"http:\/\/centropyodeestudiosdeltao.com\/cpdedt\/wp-content\/uploads\/2017\/11\/Sin-t\u00edtultitulo-maestro-lee-300x220.jpg 300w, http:\/\/centropyodeestudiosdeltao.com\/cpdedt\/wp-content\/uploads\/2017\/11\/Sin-t\u00edtultitulo-maestro-lee-768x563.jpg 768w, http:\/\/centropyodeestudiosdeltao.com\/cpdedt\/wp-content\/uploads\/2017\/11\/Sin-t\u00edtultitulo-maestro-lee-820x601.jpg 820w, http:\/\/centropyodeestudiosdeltao.com\/cpdedt\/wp-content\/uploads\/2017\/11\/Sin-t\u00edtultitulo-maestro-lee.jpg 998w\" sizes=\"auto, (max-width: 538px) 100vw, 538px\" \/><\/p>\n<p style=\"text-align: justify;\"><span lang=\"ES\" style=\"font-size: 16.0pt; font-family: 'Arial','sans-serif';\">1974 Viaja a Latino am\u00e9rica para difundir su propio arte en los Pa\u00edses Latinoamericanos, tales como Brasil, A<\/span><span style=\"font-family: Arial, sans-serif; font-size: 16pt;\">rgentina y Paraguay y finalmente, se decide a radicar en Paraguay y abre una Escuela en Asunci\u00f3n llamada \u201cInstituto Shaolin Kung-Fu\u201d para identificarse como un arte marcial con un profundo sentido budista y abre un consultorio de acupuntura.<\/span><\/p>\n<p style=\"text-align: justify;\"><span lang=\"ES\" style=\"font-size: 16.0pt; font-family: 'Arial','sans-serif';\">GM In Hyuk Suh inmigra a EE.UU. para difundir su arte.<\/span><\/p>\n<p style=\"text-align: justify;\"><span lang=\"ES\" style=\"font-size: 16.0pt; font-family: 'Arial','sans-serif';\">1975 GM<\/span><span lang=\"ES\" style=\"font-size: 16.0pt; font-family: 'Arial','sans-serif';\"> Kim Woo-Tak inmigra a Canad\u00e1 para difun<\/span><span style=\"font-family: Arial, sans-serif; font-size: 16pt;\">dir su arte \u201cKUK SOOL KWAN HAPKIDO\u201d y abrir un consultorio de acupuntura. 1980.<\/span><\/p>\n<p><img loading=\"lazy\" decoding=\"async\" class=\"alignnone wp-image-274\" src=\"http:\/\/centropyodeestudiosdeltao.com\/cpdedt\/wp-content\/uploads\/2017\/11\/campar-300x249.jpg\" alt=\"\" width=\"375\" height=\"311\" srcset=\"http:\/\/centropyodeestudiosdeltao.com\/cpdedt\/wp-content\/uploads\/2017\/11\/campar-300x249.jpg 300w, http:\/\/centropyodeestudiosdeltao.com\/cpdedt\/wp-content\/uploads\/2017\/11\/campar-768x637.jpg 768w, http:\/\/centropyodeestudiosdeltao.com\/cpdedt\/wp-content\/uploads\/2017\/11\/campar-820x680.jpg 820w, http:\/\/centropyodeestudiosdeltao.com\/cpdedt\/wp-content\/uploads\/2017\/11\/campar.jpg 903w\" sizes=\"auto, (max-width: 375px) 100vw, 375px\" \/>\u00a0\u00a0\u00a0<img loading=\"lazy\" decoding=\"async\" class=\"alignnone wp-image-280\" src=\"http:\/\/centropyodeestudiosdeltao.com\/cpdedt\/wp-content\/uploads\/2017\/11\/Prof.-Centurion-con-el-maestro-lee-300x269.jpg\" alt=\"\" width=\"339\" height=\"304\" srcset=\"http:\/\/centropyodeestudiosdeltao.com\/cpdedt\/wp-content\/uploads\/2017\/11\/Prof.-Centurion-con-el-maestro-lee-300x269.jpg 300w, http:\/\/centropyodeestudiosdeltao.com\/cpdedt\/wp-content\/uploads\/2017\/11\/Prof.-Centurion-con-el-maestro-lee-768x688.jpg 768w, http:\/\/centropyodeestudiosdeltao.com\/cpdedt\/wp-content\/uploads\/2017\/11\/Prof.-Centurion-con-el-maestro-lee-820x735.jpg 820w, http:\/\/centropyodeestudiosdeltao.com\/cpdedt\/wp-content\/uploads\/2017\/11\/Prof.-Centurion-con-el-maestro-lee.jpg 839w\" sizes=\"auto, (max-width: 339px) 100vw, 339px\" \/><\/p>\n<p style=\"text-align: justify;\"><span lang=\"ES\" style=\"font-size: 16.0pt; font-family: 'Arial','sans-serif';\">Miembro fundador de la CAMPAR (Corporaci\u00f3n de Artes Marciales del Paraguay). Dr. Efra\u00edn Dar\u00edo Centuri\u00f3n, disc\u00edpulo del GM Lee, asume el cargo de presidente fundador de la CAMPAR.<\/span><\/p>\n<p style=\"text-align: left;\"><span lang=\"ES\" style=\"font-size: 16.0pt; font-family: 'Arial','sans-serif';\">1984 Funda el Primer Templo Budista Coreano de Latino am\u00e9rica en Paraguay, llamado DALMASA (Templo \u201cBodhidharma\u201d)\u00a0<\/span><\/p>\n<p style=\"text-align: left;\">\u00a0 \u00a0 \u00a0 \u00a0 \u00a0 \u00a0 \u00a0 \u00a0 \u00a0 \u00a0 \u00a0<img loading=\"lazy\" decoding=\"async\" class=\"alignnone wp-image-275\" src=\"http:\/\/centropyodeestudiosdeltao.com\/cpdedt\/wp-content\/uploads\/2017\/11\/dalmasa-con-el-maestro-lee-300x249.jpg\" alt=\"\" width=\"476\" height=\"395\" srcset=\"http:\/\/centropyodeestudiosdeltao.com\/cpdedt\/wp-content\/uploads\/2017\/11\/dalmasa-con-el-maestro-lee-300x249.jpg 300w, http:\/\/centropyodeestudiosdeltao.com\/cpdedt\/wp-content\/uploads\/2017\/11\/dalmasa-con-el-maestro-lee-768x637.jpg 768w, http:\/\/centropyodeestudiosdeltao.com\/cpdedt\/wp-content\/uploads\/2017\/11\/dalmasa-con-el-maestro-lee-820x680.jpg 820w, http:\/\/centropyodeestudiosdeltao.com\/cpdedt\/wp-content\/uploads\/2017\/11\/dalmasa-con-el-maestro-lee.jpg 907w\" sizes=\"auto, (max-width: 476px) 100vw, 476px\" \/><\/p>\n<p style=\"text-align: justify;\"><span lang=\"ES\" style=\"font-size: 16.0pt; font-family: 'Arial','sans-serif';\">1985 Fue electo por la Comunidad Coreana en el Paraguay como 20\u00ba Presidente de la Asociaci\u00f3n de Coreanos en Paraguay.<\/span><\/p>\n<p style=\"text-align: justify;\"><span lang=\"ES\" style=\"font-size: 16.0pt; font-family: 'Arial','sans-serif';\">Fue nombrado como miembro residente en el extranjero del Consejo Nacional para la Unificaci\u00f3n Nacional de Corea.<\/span><\/p>\n","protected":false},"excerpt":{"rendered":"<p>GRAND MASTER 10 DAN DR. HAN CHUL LEE \u00a0Nace en la Ciudad de Gangneung, Provincia de Gangwon- Do de la Rca. de Corea, el 06 de Diciembre de 1940. 1954-1961 Recibe ense\u00f1anza de los eminentes maestros y monjes budistas.(Artes marciales, acupuntura y filosof\u00eda). Entre ellos pueden ser citados los siguientes maestros: GM Choi, Yong Sool, [&hellip;]<\/p>\n","protected":false},"author":1,"featured_media":0,"parent":0,"menu_order":0,"comment_status":"closed","ping_status":"closed","template":"","meta":{"om_disable_all_campaigns":false,"_monsterinsights_skip_tracking":false,"_monsterinsights_sitenote_active":false,"_monsterinsights_sitenote_note":"","_monsterinsights_sitenote_category":0,"footnotes":""},"class_list":["post-240","page","type-page","status-publish","hentry"],"yoast_head":"<!-- This site is optimized with the Yoast SEO plugin v25.7 - https:\/\/yoast.com\/wordpress\/plugins\/seo\/ -->\n<title>GRAN MAESTRO 10\u00ba DAN DR. HAN CHUL LEE. (LEE HAN CHUL) - Centro de Estudios del Tao (C.E.T.) \u2013 Centro Paraguayo de Artes Marciales Internas. (C.E.P.A.M.I.)<\/title>\n<meta name=\"robots\" content=\"index, follow, max-snippet:-1, max-image-preview:large, max-video-preview:-1\" \/>\n<link rel=\"canonical\" href=\"https:\/\/centropyodeestudiosdeltao.com\/cpdedt\/?page_id=240\" \/>\n<meta property=\"og:locale\" content=\"es_ES\" \/>\n<meta property=\"og:type\" content=\"article\" \/>\n<meta property=\"og:title\" content=\"GRAN MAESTRO 10\u00ba DAN DR. HAN CHUL LEE. (LEE HAN CHUL) - Centro de Estudios del Tao (C.E.T.) \u2013 Centro Paraguayo de Artes Marciales Internas. (C.E.P.A.M.I.)\" \/>\n<meta property=\"og:description\" content=\"GRAND MASTER 10 DAN DR. HAN CHUL LEE \u00a0Nace en la Ciudad de Gangneung, Provincia de Gangwon- Do de la Rca. de Corea, el 06 de Diciembre de 1940. 1954-1961 Recibe ense\u00f1anza de los eminentes maestros y monjes budistas.(Artes marciales, acupuntura y filosof\u00eda). Entre ellos pueden ser citados los siguientes maestros: GM Choi, Yong Sool, [&hellip;]\" \/>\n<meta property=\"og:url\" content=\"https:\/\/centropyodeestudiosdeltao.com\/cpdedt\/?page_id=240\" \/>\n<meta property=\"og:site_name\" content=\"Centro de Estudios del Tao (C.E.T.) \u2013 Centro Paraguayo de Artes Marciales Internas. (C.E.P.A.M.I.)\" \/>\n<meta property=\"article:modified_time\" content=\"2017-12-18T16:16:25+00:00\" \/>\n<meta property=\"og:image\" content=\"http:\/\/centropyodeestudiosdeltao.com\/cpdedt\/wp-content\/uploads\/2017\/11\/MAESTRO-LEE-Y-GUARDIANES.bmp\" \/>\n<meta name=\"twitter:card\" content=\"summary_large_image\" \/>\n<meta name=\"twitter:label1\" content=\"Tiempo de lectura\" \/>\n\t<meta name=\"twitter:data1\" content=\"3 minutos\" \/>\n<script type=\"application\/ld+json\" class=\"yoast-schema-graph\">{\"@context\":\"https:\/\/schema.org\",\"@graph\":[{\"@type\":\"WebPage\",\"@id\":\"https:\/\/centropyodeestudiosdeltao.com\/cpdedt\/?page_id=240\",\"url\":\"https:\/\/centropyodeestudiosdeltao.com\/cpdedt\/?page_id=240\",\"name\":\"GRAN MAESTRO 10\u00ba DAN DR. HAN CHUL LEE. (LEE HAN CHUL) - Centro de Estudios del Tao (C.E.T.) \u2013 Centro Paraguayo de Artes Marciales Internas. (C.E.P.A.M.I.)\",\"isPartOf\":{\"@id\":\"http:\/\/centropyodeestudiosdeltao.com\/cpdedt\/#website\"},\"primaryImageOfPage\":{\"@id\":\"https:\/\/centropyodeestudiosdeltao.com\/cpdedt\/?page_id=240#primaryimage\"},\"image\":{\"@id\":\"https:\/\/centropyodeestudiosdeltao.com\/cpdedt\/?page_id=240#primaryimage\"},\"thumbnailUrl\":\"http:\/\/centropyodeestudiosdeltao.com\/cpdedt\/wp-content\/uploads\/2017\/11\/MAESTRO-LEE-Y-GUARDIANES.bmp\",\"datePublished\":\"2017-11-28T18:10:33+00:00\",\"dateModified\":\"2017-12-18T16:16:25+00:00\",\"breadcrumb\":{\"@id\":\"https:\/\/centropyodeestudiosdeltao.com\/cpdedt\/?page_id=240#breadcrumb\"},\"inLanguage\":\"es\",\"potentialAction\":[{\"@type\":\"ReadAction\",\"target\":[\"https:\/\/centropyodeestudiosdeltao.com\/cpdedt\/?page_id=240\"]}]},{\"@type\":\"ImageObject\",\"inLanguage\":\"es\",\"@id\":\"https:\/\/centropyodeestudiosdeltao.com\/cpdedt\/?page_id=240#primaryimage\",\"url\":\"http:\/\/centropyodeestudiosdeltao.com\/cpdedt\/wp-content\/uploads\/2017\/11\/MAESTRO-LEE-Y-GUARDIANES.bmp\",\"contentUrl\":\"http:\/\/centropyodeestudiosdeltao.com\/cpdedt\/wp-content\/uploads\/2017\/11\/MAESTRO-LEE-Y-GUARDIANES.bmp\",\"width\":684,\"height\":415},{\"@type\":\"BreadcrumbList\",\"@id\":\"https:\/\/centropyodeestudiosdeltao.com\/cpdedt\/?page_id=240#breadcrumb\",\"itemListElement\":[{\"@type\":\"ListItem\",\"position\":1,\"name\":\"Home\",\"item\":\"http:\/\/centropyodeestudiosdeltao.com\/cpdedt\/\"},{\"@type\":\"ListItem\",\"position\":2,\"name\":\"GRAN MAESTRO 10\u00ba DAN DR. HAN CHUL LEE. (LEE HAN CHUL)\"}]},{\"@type\":\"WebSite\",\"@id\":\"http:\/\/centropyodeestudiosdeltao.com\/cpdedt\/#website\",\"url\":\"http:\/\/centropyodeestudiosdeltao.com\/cpdedt\/\",\"name\":\"Centro de Estudios del Tao (C.E.T.) \u2013 Centro Paraguayo de Artes Marciales Internas. (C.E.P.A.M.I.)\",\"description\":\"TAI CHI CHUAN (TAIJIQUAN) * BA GUA ZHANG (PA KWA CHANG) * XING YI QUAN (HSING I CHUAN) * KUK SOOL WON KI DO KOREA HAPKIDO * ( KUNG FU BUDDHISTA KOREANO -. BUL MOO DO (XING JIA). * KI GONG (CHI KUNG).* MANEJO DE LOS PUNTOS DE PRESI\u00d3N. * PYUNG SOO DO (PIONG SU DO - PALMA DE ENERG\u00cdA INTERNA. * HATHA YOGA - * YOGA INTEGRAL - *  YOGA DIN\u00c1MICO.  * YOGA COREANO (HAN DAHN SOOL).  * YOGA TANTRICO. * BUDDHISMO MAHAYANA: * BUDDHISMO CHAN\/SEON\/ZEN - * TIBETANO Y T\u00c0NTRICO. (COMO FILOSOF\u00cdA DE VIDA) * MEDITACI\u00d3N BUDDHISTA - * ALQUIMIA BUDDHISTA * TAO HUANG LAO *-  * TAO\u00cdSMO COMO FILOSOF\u00cdA DE VIDA - * QI GONG (CHI KUNG TAO\u00cdSTA) -*  ALQUIMIA TAO\u00ccSTA - * TAO\u00cdSMO DUAL (EN PAREJAS) - * FILOSOF\u00cdA DEL TAI CHI CHUAN - BA GUA ZHANG - WU XING. * MEDITACI\u00d3N TAO\u00ccSTA. * TAO DEL AMOR. * REIKI DO - (USUI REIKI RYOHO) - * BUDDHO REIKI ENERSENSE - * DIGITOPUNTURA - * ACUPRESURA - * MANEJO DE ENERG\u00cdA INTERNA. \",\"potentialAction\":[{\"@type\":\"SearchAction\",\"target\":{\"@type\":\"EntryPoint\",\"urlTemplate\":\"http:\/\/centropyodeestudiosdeltao.com\/cpdedt\/?s={search_term_string}\"},\"query-input\":{\"@type\":\"PropertyValueSpecification\",\"valueRequired\":true,\"valueName\":\"search_term_string\"}}],\"inLanguage\":\"es\"}]}<\/script>\n<!-- \/ Yoast SEO plugin. -->","yoast_head_json":{"title":"GRAN MAESTRO 10\u00ba DAN DR. HAN CHUL LEE. (LEE HAN CHUL) - Centro de Estudios del Tao (C.E.T.) \u2013 Centro Paraguayo de Artes Marciales Internas. (C.E.P.A.M.I.)","robots":{"index":"index","follow":"follow","max-snippet":"max-snippet:-1","max-image-preview":"max-image-preview:large","max-video-preview":"max-video-preview:-1"},"canonical":"https:\/\/centropyodeestudiosdeltao.com\/cpdedt\/?page_id=240","og_locale":"es_ES","og_type":"article","og_title":"GRAN MAESTRO 10\u00ba DAN DR. HAN CHUL LEE. (LEE HAN CHUL) - Centro de Estudios del Tao (C.E.T.) \u2013 Centro Paraguayo de Artes Marciales Internas. (C.E.P.A.M.I.)","og_description":"GRAND MASTER 10 DAN DR. HAN CHUL LEE \u00a0Nace en la Ciudad de Gangneung, Provincia de Gangwon- Do de la Rca. de Corea, el 06 de Diciembre de 1940. 1954-1961 Recibe ense\u00f1anza de los eminentes maestros y monjes budistas.(Artes marciales, acupuntura y filosof\u00eda). Entre ellos pueden ser citados los siguientes maestros: GM Choi, Yong Sool, [&hellip;]","og_url":"https:\/\/centropyodeestudiosdeltao.com\/cpdedt\/?page_id=240","og_site_name":"Centro de Estudios del Tao (C.E.T.) \u2013 Centro Paraguayo de Artes Marciales Internas. (C.E.P.A.M.I.)","article_modified_time":"2017-12-18T16:16:25+00:00","og_image":[{"url":"http:\/\/centropyodeestudiosdeltao.com\/cpdedt\/wp-content\/uploads\/2017\/11\/MAESTRO-LEE-Y-GUARDIANES.bmp","type":"","width":"","height":""}],"twitter_card":"summary_large_image","twitter_misc":{"Tiempo de lectura":"3 minutos"},"schema":{"@context":"https:\/\/schema.org","@graph":[{"@type":"WebPage","@id":"https:\/\/centropyodeestudiosdeltao.com\/cpdedt\/?page_id=240","url":"https:\/\/centropyodeestudiosdeltao.com\/cpdedt\/?page_id=240","name":"GRAN MAESTRO 10\u00ba DAN DR. HAN CHUL LEE. (LEE HAN CHUL) - Centro de Estudios del Tao (C.E.T.) \u2013 Centro Paraguayo de Artes Marciales Internas. (C.E.P.A.M.I.)","isPartOf":{"@id":"http:\/\/centropyodeestudiosdeltao.com\/cpdedt\/#website"},"primaryImageOfPage":{"@id":"https:\/\/centropyodeestudiosdeltao.com\/cpdedt\/?page_id=240#primaryimage"},"image":{"@id":"https:\/\/centropyodeestudiosdeltao.com\/cpdedt\/?page_id=240#primaryimage"},"thumbnailUrl":"http:\/\/centropyodeestudiosdeltao.com\/cpdedt\/wp-content\/uploads\/2017\/11\/MAESTRO-LEE-Y-GUARDIANES.bmp","datePublished":"2017-11-28T18:10:33+00:00","dateModified":"2017-12-18T16:16:25+00:00","breadcrumb":{"@id":"https:\/\/centropyodeestudiosdeltao.com\/cpdedt\/?page_id=240#breadcrumb"},"inLanguage":"es","potentialAction":[{"@type":"ReadAction","target":["https:\/\/centropyodeestudiosdeltao.com\/cpdedt\/?page_id=240"]}]},{"@type":"ImageObject","inLanguage":"es","@id":"https:\/\/centropyodeestudiosdeltao.com\/cpdedt\/?page_id=240#primaryimage","url":"http:\/\/centropyodeestudiosdeltao.com\/cpdedt\/wp-content\/uploads\/2017\/11\/MAESTRO-LEE-Y-GUARDIANES.bmp","contentUrl":"http:\/\/centropyodeestudiosdeltao.com\/cpdedt\/wp-content\/uploads\/2017\/11\/MAESTRO-LEE-Y-GUARDIANES.bmp","width":684,"height":415},{"@type":"BreadcrumbList","@id":"https:\/\/centropyodeestudiosdeltao.com\/cpdedt\/?page_id=240#breadcrumb","itemListElement":[{"@type":"ListItem","position":1,"name":"Home","item":"http:\/\/centropyodeestudiosdeltao.com\/cpdedt\/"},{"@type":"ListItem","position":2,"name":"GRAN MAESTRO 10\u00ba DAN DR. HAN CHUL LEE. (LEE HAN CHUL)"}]},{"@type":"WebSite","@id":"http:\/\/centropyodeestudiosdeltao.com\/cpdedt\/#website","url":"http:\/\/centropyodeestudiosdeltao.com\/cpdedt\/","name":"Centro de Estudios del Tao (C.E.T.) \u2013 Centro Paraguayo de Artes Marciales Internas. (C.E.P.A.M.I.)","description":"TAI CHI CHUAN (TAIJIQUAN) * BA GUA ZHANG (PA KWA CHANG) * XING YI QUAN (HSING I CHUAN) * KUK SOOL WON KI DO KOREA HAPKIDO * ( KUNG FU BUDDHISTA KOREANO -. BUL MOO DO (XING JIA). * KI GONG (CHI KUNG).* MANEJO DE LOS PUNTOS DE PRESI\u00d3N. * PYUNG SOO DO (PIONG SU DO - PALMA DE ENERG\u00cdA INTERNA. * HATHA YOGA - * YOGA INTEGRAL - *  YOGA DIN\u00c1MICO.  * YOGA COREANO (HAN DAHN SOOL).  * YOGA TANTRICO. * BUDDHISMO MAHAYANA: * BUDDHISMO CHAN\/SEON\/ZEN - * TIBETANO Y T\u00c0NTRICO. (COMO FILOSOF\u00cdA DE VIDA) * MEDITACI\u00d3N BUDDHISTA - * ALQUIMIA BUDDHISTA * TAO HUANG LAO *-  * TAO\u00cdSMO COMO FILOSOF\u00cdA DE VIDA - * QI GONG (CHI KUNG TAO\u00cdSTA) -*  ALQUIMIA TAO\u00ccSTA - * TAO\u00cdSMO DUAL (EN PAREJAS) - * FILOSOF\u00cdA DEL TAI CHI CHUAN - BA GUA ZHANG - WU XING. * MEDITACI\u00d3N TAO\u00ccSTA. * TAO DEL AMOR. * REIKI DO - (USUI REIKI RYOHO) - * BUDDHO REIKI ENERSENSE - * DIGITOPUNTURA - * ACUPRESURA - * MANEJO DE ENERG\u00cdA INTERNA. ","potentialAction":[{"@type":"SearchAction","target":{"@type":"EntryPoint","urlTemplate":"http:\/\/centropyodeestudiosdeltao.com\/cpdedt\/?s={search_term_string}"},"query-input":{"@type":"PropertyValueSpecification","valueRequired":true,"valueName":"search_term_string"}}],"inLanguage":"es"}]}},"_links":{"self":[{"href":"http:\/\/centropyodeestudiosdeltao.com\/cpdedt\/index.php?rest_route=\/wp\/v2\/pages\/240","targetHints":{"allow":["GET"]}}],"collection":[{"href":"http:\/\/centropyodeestudiosdeltao.com\/cpdedt\/index.php?rest_route=\/wp\/v2\/pages"}],"about":[{"href":"http:\/\/centropyodeestudiosdeltao.com\/cpdedt\/index.php?rest_route=\/wp\/v2\/types\/page"}],"author":[{"embeddable":true,"href":"http:\/\/centropyodeestudiosdeltao.com\/cpdedt\/index.php?rest_route=\/wp\/v2\/users\/1"}],"replies":[{"embeddable":true,"href":"http:\/\/centropyodeestudiosdeltao.com\/cpdedt\/index.php?rest_route=%2Fwp%2Fv2%2Fcomments&post=240"}],"version-history":[{"count":7,"href":"http:\/\/centropyodeestudiosdeltao.com\/cpdedt\/index.php?rest_route=\/wp\/v2\/pages\/240\/revisions"}],"predecessor-version":[{"id":701,"href":"http:\/\/centropyodeestudiosdeltao.com\/cpdedt\/index.php?rest_route=\/wp\/v2\/pages\/240\/revisions\/701"}],"wp:attachment":[{"href":"http:\/\/centropyodeestudiosdeltao.com\/cpdedt\/index.php?rest_route=%2Fwp%2Fv2%2Fmedia&parent=240"}],"curies":[{"name":"wp","href":"https:\/\/api.w.org\/{rel}","templated":true}]}}