{"id":4,"date":"2017-11-14T13:52:30","date_gmt":"2017-11-14T13:52:30","guid":{"rendered":"http:\/\/centropyodeestudiosdeltao.com\/cpdedt\/index.php\/home\/"},"modified":"2025-09-21T20:18:53","modified_gmt":"2025-09-21T20:18:53","slug":"home","status":"publish","type":"page","link":"http:\/\/centropyodeestudiosdeltao.com\/cpdedt\/","title":{"rendered":"Inicio"},"content":{"rendered":"<h1 style=\"text-align: left;\"><a href=\"http:\/\/centropyodeestudiosdeltao.com\/cpdedt\/?customize_changeset_uuid=a7db9a20-452e-49fd-b0b6-6b96240c7532&amp;customize_messenger_channel=preview-3\">Centro de Estudios del Tao (C.E.T.) \u2013 Centro Paraguayo de Artes Marciales Internas. (C.E.P.A.M.I.)<\/a><\/h1>\n<p style=\"text-align: left;\"><b>\u00a1BUENOS DIAS!, \u00a1BUENAS TARDES, BUENAS NOCHES! BENDICIONES. \u00a1BIENVENIDOS<\/b><br \/><b>A NUESTRO SITIO!<\/b><br \/><b>HEMOS NOTADO QUE MUCHA PROPAGANDA E INFORMACI\u00d3N\u00a0SE ESTA GENERANDO<\/b><br \/><b>EN LAS REDES SOCIALES SOBRE EL ARTE MARCIAL Y M\u00c9TODO DE TERAPIA<\/b><br \/><b>ALTERNATIVA AS\u00cd COMO PREVENTIVA DE LA SALUD DEL TAI CHI CHUAN o COMO<\/b><br \/><b>TAMBI\u00c9N SE LE CONOCE TAIJIQUAN O SIMPLEMENTE TAICHI o TAIJI.<\/b><br \/><b>LA PRIMERA INFORMACI\u00d3N ERRADA ES EL HECHO DE PRETENDER SEPARAR LA<\/b><br \/><b>DENOMINACI\u00d3N DE TAI CHI CHUAN O TAIJIQUAN DICIENDO QUE TAIJIQUAN ES EL<\/b><br \/><b>ARTE MARCIAL Y TAI CHI O TAI JI ES EJERCICIO PARA LA SALUD. ES FALSO. EL<\/b><br \/><b>ARTE EN SI ES UNO, Y TRADICIONALMENTE ASI SE LO ENTENDIA. EL SISTEMA ES<\/b><br \/><b>UNO, AHORA BIEN, QUE UNO SE ABOQUE MAS A UNA PARTE QUE A OTRA, ES<\/b><br \/><b>PREFERENCIA DEL PRACTICANTE.<\/b><br \/><b>PARA COMPRENDER EL TAIJIQUAN, DEBEMOS RETROCEDER EN EL TIEMPO A<\/b><br \/><b>SIGLOS ANTES. ORIGINALMENTE.<\/b><br \/><b>DEBEMOS COMPRENDER QUE, Y COMO DEBIERA SER, Y DE HECHO ASI LO ERA<\/b><br \/><b>ANTIGUAMENTE. TODAS LAS TRANSMISIONES DE LAS ENSE\u00d1ANZAS SE<\/b><br \/><b>REALIZABAN DE MANERA INTEGRAL.<\/b><br \/><b>EL UNIVERSO ES UN TODO, Y EL SER HUMANO EN SI TAMBI\u00c9N. LA MEDICINA<\/b><br \/><b>TRADICIONAL CHINA Y LA CULTURA CHINA Y ORIENTAL EN SI, ABARCA AL SER<\/b><br \/><b>HUMANO EN SU FORMA INTEGRAL: CUERPO, MENTE Y ESP\u00cdRITU, CUERPO F\u00cdSICO,<\/b><br \/><b>CUERPO MENTAL, CUERPO EMOCIONAL, ENERG\u00cdA\u00a0Y ESP\u00cdRITU.<\/b><br \/><b>TODOS SE ENCUENTRAN RELACIONADOS Y DE HECHO EL CONJUNTO DE ELLOS<\/b><br \/><b>FORMAN EL TODO.<\/b><br \/><b>LA CARENCIA O ESTANCAMIENTO DE LA ENERG\u00cdA EN EL SER HUMANO,<\/b><br \/><b>PROVENIENTES DE LAS EMOCIONES O DE ELEMENTOS EXTERNOS, NOS AFECTAN,<\/b><br \/><b>Y LA AFECTACI\u00d3N\u00a0EN UNA SOLA PARTE DEL CUERPO, PRODUCE UNA\u00a0ALTERACI\u00d3N<\/b><br \/><b>FUNCIONAL INTEGRAL DEL INDIVIDUO.<\/b><\/p>\n<p style=\"text-align: left;\"><strong>SOBRE ELLO TRABAJA EL TAI CHI CHUAN, MEDIANTE SUS MOVIMIENTOS EN<\/strong><br \/><strong>CONJUNTO (NINGUNA PARTE DEL CUERPO SE MUEVE POR SEPARADO), SUMADO A<\/strong><br \/><b>LA RESPIRACI\u00d3N PROFUNDA, LA CONCENTRACI\u00d3N, LA MENTALIZACION EN UN<\/b><br \/><strong>TODO, LOGRA LIBERAR EL CUERPO DE LAS CAUSALES QUE PRODUCEN EL<\/strong><br \/><strong>DESEQUILIBRIO Y LO LLEVA A UNA ARMONIZACION INTEGRAL.<\/strong><br \/><strong>TODOS LOS DESEQUILIBRIOS SE ORIGINAN EN ESTRATOS MAS SUTILES DEL SER<\/strong><br \/><strong>HUMANO, EN SUS CUERPOS MAS FINOS, Y CUANDO ESTO SE MANIFIESTA EN EL<\/strong><br \/><b>CUERPO F\u00cdSICO, QUIERE DECIR QUE TODOS LOS DEM\u00c1S CENTROS O CUERPOS<\/b><br \/><b>EST\u00c1N AFECTADOS.<\/b><br \/><b>ESTAS ARTES, AS\u00cd COMO LAS ENSE\u00d1AMOS EN NUESTRO CENTRO, NO BUSCA, NO<\/b><br \/><strong>SE CENTRA EN SER UN ELEMENTO SIMPLEMENTE PALIATIVO, SINO CON LAS<\/strong><br \/><strong>HERRAMIENTAS TRANSMITIDAS, LAS ENSE\u00d1ANZAS IMPARTIDAS, VAMOS<\/strong><br \/><strong>SOLUCIONANDO Y ARMONIZANDO EN LOS PLANOS MAS SUTILES LAS CAUSALES DE<\/strong><br \/><b>LOS DESEQUILIBRIOS, VAMOS A LA RA\u00cdZ DEL \u201cPROBLEMA\u201d, INTERACTUAMOS CON<\/b><br \/><strong>LAS CAUSALES DE LOS HECHOS QUE DESEMBOCARON EN EL DESEQUILIBRO DE LA<\/strong><br \/><strong>SALUD.<\/strong><br \/><strong>DEBEMOS CONOCERNOS A NOSOTROS MISMOS COMO UN TODO, LINEAS ARRIBA YA<\/strong><br \/><b>LO EXPRESABA, ANTIGUAMENTE SE TENIA LO QUE SE CONOC\u00cdA COMO UN \u201cMEDICO\u00a0 \u00a0 \u00a0 \u00a0 \u00a0 \u00a0 \u00a0 \u00a0 \u00a0 \u00a0 \u00a0 \u00a0 \u00a0 DE CABECERA\u201d O \u201cMEDICO DE FAMILIA\u201d, EL ABARCABA A TODA LA PERSONA, EL<\/b><br \/><strong>BISECCIONAR, EL \u201cPARTIR\u201d EL SER HUMANO EN PEDAZOS O FRACCIONES<\/strong><br \/><strong>(ESPECIALISTAS) ES LA ENFERMEDAD DE OCCIDENTE.<\/strong><br \/><strong>EN OCCIDENTE TODO SE FRACCIONA, TODO SE DISGREGA, Y AL DISGREGARSE,<\/strong><br \/><strong>TODO SE PIERDE.<\/strong><br \/><b>AQU\u00cd APRENDER\u00c1S O \u201cRE APRENDER\u00c1S\u201d, A CONOCER Y DIALOGAR CON TU CUERPO<\/b><br \/><b>Y CONTIGO MISMO. HAR\u00c1S LAS PACES CON TUS DIFERENTES FACETAS DEL SER, A<\/b><br \/><b>TRAV\u00c9S DE TU AUTO CONOCIMIENTO. SIN INTERMEDIACIONES EXTERNAS.<\/b><br \/><b>NOSOTROS SOLO SOMOS Y SEREMOS LA LLAVE DEL VEH\u00cdCULO, Y TU EL\/LA QUE<\/b><br \/><strong>ENCEDERAS EL MOTOR DE TU VIDA.<\/strong><br \/><strong>DE LA MISMA FORMA, SE TRANSMITEN TODAS LAS ENSE\u00d1ANZAS IMPARTIDAS EN<\/strong><br \/><strong>ESTE CENTRO.<\/strong><br \/><strong>YA QUE, ORIGINALMENTE TODOS LOS MAESTROS DE LOS CUALES ABREVAMOS Y<\/strong><br \/><b>CONSOLIDAMOS LAS ENSE\u00d1ANZAS RECIBIDAS POSE\u00cdAN EL MISMO CORAZ\u00d3N, LA<\/b><br \/><b>MISMA ENERG\u00cdA. \u201cEL AMOR A LA NATURALEZA Y A LA HUMANIDAD MISMA\u201d<\/b><br \/><strong>LES ESPERAMOS CON NUESTROS CORAZONES ABIERTOS.<\/strong><\/p>\n<p><img loading=\"lazy\" decoding=\"async\" class=\"size-full wp-image-16 aligncenter\" src=\"http:\/\/centropyodeestudiosdeltao.com\/cpdedt\/wp-content\/uploads\/2017\/11\/11169962_10206731933204255_6196967069346729332_n.jpg\" alt=\"\" width=\"259\" height=\"206\" \/> <strong>\u00a0 \u00a0 \u00a0 \u00a0 \u00a0 \u00a0 \u00a0 \u00a0 \u00a0 \u00a0 \u00a0 \u00a0 \u00a0 \u00a0 \u00a0 \u00a0 \u00a0 \u00a0 \u00a0 \u00a0 \u00a0 \u00a0 \u00a0 \u00a0 \u00a0 \u00a0 \u00a0 \u00a0 \u00a0 \u00a0 \u00a0 \u00a0 \u00a0 \u00a0MAESTRO ALEJANDRO, PROF. MYRIAM<\/strong><\/p>\n<p><strong>PARA CUALQUIER CONSULTA, NO DUDE EN COMUNICARSE CON NOSOTROS:<br \/>E-mail: Alejandro.Schmeda@Gmail.Com.<br \/>Tel. N\u00ba (595) 0981.444.973<\/strong><\/p>\n<p><img loading=\"lazy\" decoding=\"async\" class=\"alignnone size-medium wp-image-679 aligncenter\" src=\"http:\/\/centropyodeestudiosdeltao.com\/cpdedt\/wp-content\/uploads\/2017\/12\/googgle-maps-cet.-195x300.jpg\" alt=\"\" width=\"195\" height=\"300\" srcset=\"http:\/\/centropyodeestudiosdeltao.com\/cpdedt\/wp-content\/uploads\/2017\/12\/googgle-maps-cet.-195x300.jpg 195w, http:\/\/centropyodeestudiosdeltao.com\/cpdedt\/wp-content\/uploads\/2017\/12\/googgle-maps-cet..jpg 480w\" sizes=\"auto, (max-width: 195px) 100vw, 195px\" \/><\/p>\n<p><b>CACIQUE SEPE ENTRE R\u00cdO PARANA E ITAIPU. DE AVDA. LUIS MAR\u00cdA ARGA\u00d1A AL<br \/>LLEGAR A LA ESQUINA DE LUCZAR, SE ENTRA UNA CUADRA HACIA EL ARROYO,<br \/>PASANDO LA ESQUINA LA SEGUNDA CASA \u2013 CASA DE TECHO VERDE CON DOS<br \/>LEONES Y DOS CIPRESES (ARBOLES DE NAVIDAD) EN FRENTE DEL LOCAL.<\/b><\/p>\n<p>\u00a0<\/p>\n\n\n<p><\/p>\n\n\n\n<figure class=\"wp-block-image size-full\"><img loading=\"lazy\" decoding=\"async\" width=\"502\" height=\"236\" src=\"http:\/\/centropyodeestudiosdeltao.com\/cpdedt\/wp-content\/uploads\/2025\/09\/tres-cet-1.jpg\" alt=\"\" class=\"wp-image-32856\" srcset=\"http:\/\/centropyodeestudiosdeltao.com\/cpdedt\/wp-content\/uploads\/2025\/09\/tres-cet-1.jpg 502w, http:\/\/centropyodeestudiosdeltao.com\/cpdedt\/wp-content\/uploads\/2025\/09\/tres-cet-1-300x141.jpg 300w\" sizes=\"auto, (max-width: 502px) 100vw, 502px\" \/><\/figure>\n","protected":false},"excerpt":{"rendered":"<p>Centro de Estudios del Tao (C.E.T.) \u2013 Centro Paraguayo de Artes Marciales Internas. (C.E.P.A.M.I.) \u00a1BUENOS DIAS!, \u00a1BUENAS TARDES, BUENAS NOCHES! BENDICIONES. \u00a1BIENVENIDOSA NUESTRO SITIO!HEMOS NOTADO QUE MUCHA PROPAGANDA E INFORMACI\u00d3N\u00a0SE ESTA GENERANDOEN LAS REDES SOCIALES SOBRE EL ARTE MARCIAL Y M\u00c9TODO DE TERAPIAALTERNATIVA AS\u00cd COMO PREVENTIVA DE LA SALUD DEL TAI CHI CHUAN o COMOTAMBI\u00c9N [&hellip;]<\/p>\n","protected":false},"author":1,"featured_media":0,"parent":0,"menu_order":0,"comment_status":"closed","ping_status":"open","template":"","meta":{"om_disable_all_campaigns":false,"_monsterinsights_skip_tracking":false,"_monsterinsights_sitenote_active":false,"_monsterinsights_sitenote_note":"","_monsterinsights_sitenote_category":0,"footnotes":""},"class_list":["post-4","page","type-page","status-publish","hentry"],"yoast_head":"<!-- This site is optimized with the Yoast SEO plugin v25.7 - https:\/\/yoast.com\/wordpress\/plugins\/seo\/ -->\n<title>Inicio - Centro de Estudios del Tao (C.E.T.) \u2013 Centro Paraguayo de Artes Marciales Internas. (C.E.P.A.M.I.)<\/title>\n<meta name=\"robots\" content=\"index, follow, max-snippet:-1, max-image-preview:large, max-video-preview:-1\" \/>\n<link rel=\"canonical\" href=\"http:\/\/centropyodeestudiosdeltao.com\/cpdedt\/\" \/>\n<meta property=\"og:locale\" content=\"es_ES\" \/>\n<meta property=\"og:type\" content=\"article\" \/>\n<meta property=\"og:title\" content=\"Inicio - Centro de Estudios del Tao (C.E.T.) \u2013 Centro Paraguayo de Artes Marciales Internas. (C.E.P.A.M.I.)\" \/>\n<meta property=\"og:description\" content=\"Centro de Estudios del Tao (C.E.T.) \u2013 Centro Paraguayo de Artes Marciales Internas. (C.E.P.A.M.I.) \u00a1BUENOS DIAS!, \u00a1BUENAS TARDES, BUENAS NOCHES! BENDICIONES. \u00a1BIENVENIDOSA NUESTRO SITIO!HEMOS NOTADO QUE MUCHA PROPAGANDA E INFORMACI\u00d3N\u00a0SE ESTA GENERANDOEN LAS REDES SOCIALES SOBRE EL ARTE MARCIAL Y M\u00c9TODO DE TERAPIAALTERNATIVA AS\u00cd COMO PREVENTIVA DE LA SALUD DEL TAI CHI CHUAN o COMOTAMBI\u00c9N [&hellip;]\" \/>\n<meta property=\"og:url\" content=\"http:\/\/centropyodeestudiosdeltao.com\/cpdedt\/\" \/>\n<meta property=\"og:site_name\" content=\"Centro de Estudios del Tao (C.E.T.) \u2013 Centro Paraguayo de Artes Marciales Internas. (C.E.P.A.M.I.)\" \/>\n<meta property=\"article:modified_time\" content=\"2025-09-21T20:18:53+00:00\" \/>\n<meta property=\"og:image\" content=\"http:\/\/centropyodeestudiosdeltao.com\/cpdedt\/wp-content\/uploads\/2017\/11\/11169962_10206731933204255_6196967069346729332_n.jpg\" \/>\n<meta name=\"twitter:card\" content=\"summary_large_image\" \/>\n<meta name=\"twitter:label1\" content=\"Tiempo de lectura\" \/>\n\t<meta name=\"twitter:data1\" content=\"3 minutos\" \/>\n<script type=\"application\/ld+json\" class=\"yoast-schema-graph\">{\"@context\":\"https:\/\/schema.org\",\"@graph\":[{\"@type\":\"WebPage\",\"@id\":\"http:\/\/centropyodeestudiosdeltao.com\/cpdedt\/\",\"url\":\"http:\/\/centropyodeestudiosdeltao.com\/cpdedt\/\",\"name\":\"Inicio - Centro de Estudios del Tao (C.E.T.) \u2013 Centro Paraguayo de Artes Marciales Internas. (C.E.P.A.M.I.)\",\"isPartOf\":{\"@id\":\"http:\/\/centropyodeestudiosdeltao.com\/cpdedt\/#website\"},\"primaryImageOfPage\":{\"@id\":\"http:\/\/centropyodeestudiosdeltao.com\/cpdedt\/#primaryimage\"},\"image\":{\"@id\":\"http:\/\/centropyodeestudiosdeltao.com\/cpdedt\/#primaryimage\"},\"thumbnailUrl\":\"http:\/\/centropyodeestudiosdeltao.com\/cpdedt\/wp-content\/uploads\/2017\/11\/11169962_10206731933204255_6196967069346729332_n.jpg\",\"datePublished\":\"2017-11-14T13:52:30+00:00\",\"dateModified\":\"2025-09-21T20:18:53+00:00\",\"breadcrumb\":{\"@id\":\"http:\/\/centropyodeestudiosdeltao.com\/cpdedt\/#breadcrumb\"},\"inLanguage\":\"es\",\"potentialAction\":[{\"@type\":\"ReadAction\",\"target\":[\"http:\/\/centropyodeestudiosdeltao.com\/cpdedt\/\"]}]},{\"@type\":\"ImageObject\",\"inLanguage\":\"es\",\"@id\":\"http:\/\/centropyodeestudiosdeltao.com\/cpdedt\/#primaryimage\",\"url\":\"http:\/\/centropyodeestudiosdeltao.com\/cpdedt\/wp-content\/uploads\/2017\/11\/11169962_10206731933204255_6196967069346729332_n.jpg\",\"contentUrl\":\"http:\/\/centropyodeestudiosdeltao.com\/cpdedt\/wp-content\/uploads\/2017\/11\/11169962_10206731933204255_6196967069346729332_n.jpg\",\"width\":259,\"height\":206},{\"@type\":\"BreadcrumbList\",\"@id\":\"http:\/\/centropyodeestudiosdeltao.com\/cpdedt\/#breadcrumb\",\"itemListElement\":[{\"@type\":\"ListItem\",\"position\":1,\"name\":\"Home\",\"item\":\"http:\/\/centropyodeestudiosdeltao.com\/cpdedt\/\"},{\"@type\":\"ListItem\",\"position\":2,\"name\":\"Inicio\"}]},{\"@type\":\"WebSite\",\"@id\":\"http:\/\/centropyodeestudiosdeltao.com\/cpdedt\/#website\",\"url\":\"http:\/\/centropyodeestudiosdeltao.com\/cpdedt\/\",\"name\":\"Centro de Estudios del Tao (C.E.T.) \u2013 Centro Paraguayo de Artes Marciales Internas. (C.E.P.A.M.I.)\",\"description\":\"TAI CHI CHUAN (TAIJIQUAN) * BA GUA ZHANG (PA KWA CHANG) * XING YI QUAN (HSING I CHUAN) * KUK SOOL WON KI DO KOREA HAPKIDO * ( KUNG FU BUDDHISTA KOREANO -. BUL MOO DO (XING JIA). * KI GONG (CHI KUNG).* MANEJO DE LOS PUNTOS DE PRESI\u00d3N. * PYUNG SOO DO (PIONG SU DO - PALMA DE ENERG\u00cdA INTERNA. * HATHA YOGA - * YOGA INTEGRAL - *  YOGA DIN\u00c1MICO.  * YOGA COREANO (HAN DAHN SOOL).  * YOGA TANTRICO. * BUDDHISMO MAHAYANA: * BUDDHISMO CHAN\/SEON\/ZEN - * TIBETANO Y T\u00c0NTRICO. (COMO FILOSOF\u00cdA DE VIDA) * MEDITACI\u00d3N BUDDHISTA - * ALQUIMIA BUDDHISTA * TAO HUANG LAO *-  * TAO\u00cdSMO COMO FILOSOF\u00cdA DE VIDA - * QI GONG (CHI KUNG TAO\u00cdSTA) -*  ALQUIMIA TAO\u00ccSTA - * TAO\u00cdSMO DUAL (EN PAREJAS) - * FILOSOF\u00cdA DEL TAI CHI CHUAN - BA GUA ZHANG - WU XING. * MEDITACI\u00d3N TAO\u00ccSTA. * TAO DEL AMOR. * REIKI DO - (USUI REIKI RYOHO) - * BUDDHO REIKI ENERSENSE - * DIGITOPUNTURA - * ACUPRESURA - * MANEJO DE ENERG\u00cdA INTERNA. \",\"potentialAction\":[{\"@type\":\"SearchAction\",\"target\":{\"@type\":\"EntryPoint\",\"urlTemplate\":\"http:\/\/centropyodeestudiosdeltao.com\/cpdedt\/?s={search_term_string}\"},\"query-input\":{\"@type\":\"PropertyValueSpecification\",\"valueRequired\":true,\"valueName\":\"search_term_string\"}}],\"inLanguage\":\"es\"}]}<\/script>\n<!-- \/ Yoast SEO plugin. -->","yoast_head_json":{"title":"Inicio - Centro de Estudios del Tao (C.E.T.) \u2013 Centro Paraguayo de Artes Marciales Internas. (C.E.P.A.M.I.)","robots":{"index":"index","follow":"follow","max-snippet":"max-snippet:-1","max-image-preview":"max-image-preview:large","max-video-preview":"max-video-preview:-1"},"canonical":"http:\/\/centropyodeestudiosdeltao.com\/cpdedt\/","og_locale":"es_ES","og_type":"article","og_title":"Inicio - Centro de Estudios del Tao (C.E.T.) \u2013 Centro Paraguayo de Artes Marciales Internas. (C.E.P.A.M.I.)","og_description":"Centro de Estudios del Tao (C.E.T.) \u2013 Centro Paraguayo de Artes Marciales Internas. (C.E.P.A.M.I.) \u00a1BUENOS DIAS!, \u00a1BUENAS TARDES, BUENAS NOCHES! BENDICIONES. \u00a1BIENVENIDOSA NUESTRO SITIO!HEMOS NOTADO QUE MUCHA PROPAGANDA E INFORMACI\u00d3N\u00a0SE ESTA GENERANDOEN LAS REDES SOCIALES SOBRE EL ARTE MARCIAL Y M\u00c9TODO DE TERAPIAALTERNATIVA AS\u00cd COMO PREVENTIVA DE LA SALUD DEL TAI CHI CHUAN o COMOTAMBI\u00c9N [&hellip;]","og_url":"http:\/\/centropyodeestudiosdeltao.com\/cpdedt\/","og_site_name":"Centro de Estudios del Tao (C.E.T.) \u2013 Centro Paraguayo de Artes Marciales Internas. (C.E.P.A.M.I.)","article_modified_time":"2025-09-21T20:18:53+00:00","og_image":[{"url":"http:\/\/centropyodeestudiosdeltao.com\/cpdedt\/wp-content\/uploads\/2017\/11\/11169962_10206731933204255_6196967069346729332_n.jpg","type":"","width":"","height":""}],"twitter_card":"summary_large_image","twitter_misc":{"Tiempo de lectura":"3 minutos"},"schema":{"@context":"https:\/\/schema.org","@graph":[{"@type":"WebPage","@id":"http:\/\/centropyodeestudiosdeltao.com\/cpdedt\/","url":"http:\/\/centropyodeestudiosdeltao.com\/cpdedt\/","name":"Inicio - Centro de Estudios del Tao (C.E.T.) \u2013 Centro Paraguayo de Artes Marciales Internas. (C.E.P.A.M.I.)","isPartOf":{"@id":"http:\/\/centropyodeestudiosdeltao.com\/cpdedt\/#website"},"primaryImageOfPage":{"@id":"http:\/\/centropyodeestudiosdeltao.com\/cpdedt\/#primaryimage"},"image":{"@id":"http:\/\/centropyodeestudiosdeltao.com\/cpdedt\/#primaryimage"},"thumbnailUrl":"http:\/\/centropyodeestudiosdeltao.com\/cpdedt\/wp-content\/uploads\/2017\/11\/11169962_10206731933204255_6196967069346729332_n.jpg","datePublished":"2017-11-14T13:52:30+00:00","dateModified":"2025-09-21T20:18:53+00:00","breadcrumb":{"@id":"http:\/\/centropyodeestudiosdeltao.com\/cpdedt\/#breadcrumb"},"inLanguage":"es","potentialAction":[{"@type":"ReadAction","target":["http:\/\/centropyodeestudiosdeltao.com\/cpdedt\/"]}]},{"@type":"ImageObject","inLanguage":"es","@id":"http:\/\/centropyodeestudiosdeltao.com\/cpdedt\/#primaryimage","url":"http:\/\/centropyodeestudiosdeltao.com\/cpdedt\/wp-content\/uploads\/2017\/11\/11169962_10206731933204255_6196967069346729332_n.jpg","contentUrl":"http:\/\/centropyodeestudiosdeltao.com\/cpdedt\/wp-content\/uploads\/2017\/11\/11169962_10206731933204255_6196967069346729332_n.jpg","width":259,"height":206},{"@type":"BreadcrumbList","@id":"http:\/\/centropyodeestudiosdeltao.com\/cpdedt\/#breadcrumb","itemListElement":[{"@type":"ListItem","position":1,"name":"Home","item":"http:\/\/centropyodeestudiosdeltao.com\/cpdedt\/"},{"@type":"ListItem","position":2,"name":"Inicio"}]},{"@type":"WebSite","@id":"http:\/\/centropyodeestudiosdeltao.com\/cpdedt\/#website","url":"http:\/\/centropyodeestudiosdeltao.com\/cpdedt\/","name":"Centro de Estudios del Tao (C.E.T.) \u2013 Centro Paraguayo de Artes Marciales Internas. (C.E.P.A.M.I.)","description":"TAI CHI CHUAN (TAIJIQUAN) * BA GUA ZHANG (PA KWA CHANG) * XING YI QUAN (HSING I CHUAN) * KUK SOOL WON KI DO KOREA HAPKIDO * ( KUNG FU BUDDHISTA KOREANO -. BUL MOO DO (XING JIA). * KI GONG (CHI KUNG).* MANEJO DE LOS PUNTOS DE PRESI\u00d3N. * PYUNG SOO DO (PIONG SU DO - PALMA DE ENERG\u00cdA INTERNA. * HATHA YOGA - * YOGA INTEGRAL - *  YOGA DIN\u00c1MICO.  * YOGA COREANO (HAN DAHN SOOL).  * YOGA TANTRICO. * BUDDHISMO MAHAYANA: * BUDDHISMO CHAN\/SEON\/ZEN - * TIBETANO Y T\u00c0NTRICO. (COMO FILOSOF\u00cdA DE VIDA) * MEDITACI\u00d3N BUDDHISTA - * ALQUIMIA BUDDHISTA * TAO HUANG LAO *-  * TAO\u00cdSMO COMO FILOSOF\u00cdA DE VIDA - * QI GONG (CHI KUNG TAO\u00cdSTA) -*  ALQUIMIA TAO\u00ccSTA - * TAO\u00cdSMO DUAL (EN PAREJAS) - * FILOSOF\u00cdA DEL TAI CHI CHUAN - BA GUA ZHANG - WU XING. * MEDITACI\u00d3N TAO\u00ccSTA. * TAO DEL AMOR. * REIKI DO - (USUI REIKI RYOHO) - * BUDDHO REIKI ENERSENSE - * DIGITOPUNTURA - * ACUPRESURA - * MANEJO DE ENERG\u00cdA INTERNA. ","potentialAction":[{"@type":"SearchAction","target":{"@type":"EntryPoint","urlTemplate":"http:\/\/centropyodeestudiosdeltao.com\/cpdedt\/?s={search_term_string}"},"query-input":{"@type":"PropertyValueSpecification","valueRequired":true,"valueName":"search_term_string"}}],"inLanguage":"es"}]}},"_links":{"self":[{"href":"http:\/\/centropyodeestudiosdeltao.com\/cpdedt\/index.php?rest_route=\/wp\/v2\/pages\/4","targetHints":{"allow":["GET"]}}],"collection":[{"href":"http:\/\/centropyodeestudiosdeltao.com\/cpdedt\/index.php?rest_route=\/wp\/v2\/pages"}],"about":[{"href":"http:\/\/centropyodeestudiosdeltao.com\/cpdedt\/index.php?rest_route=\/wp\/v2\/types\/page"}],"author":[{"embeddable":true,"href":"http:\/\/centropyodeestudiosdeltao.com\/cpdedt\/index.php?rest_route=\/wp\/v2\/users\/1"}],"replies":[{"embeddable":true,"href":"http:\/\/centropyodeestudiosdeltao.com\/cpdedt\/index.php?rest_route=%2Fwp%2Fv2%2Fcomments&post=4"}],"version-history":[{"count":7,"href":"http:\/\/centropyodeestudiosdeltao.com\/cpdedt\/index.php?rest_route=\/wp\/v2\/pages\/4\/revisions"}],"predecessor-version":[{"id":32857,"href":"http:\/\/centropyodeestudiosdeltao.com\/cpdedt\/index.php?rest_route=\/wp\/v2\/pages\/4\/revisions\/32857"}],"wp:attachment":[{"href":"http:\/\/centropyodeestudiosdeltao.com\/cpdedt\/index.php?rest_route=%2Fwp%2Fv2%2Fmedia&parent=4"}],"curies":[{"name":"wp","href":"https:\/\/api.w.org\/{rel}","templated":true}]}}