{"id":571,"date":"2017-12-07T17:54:29","date_gmt":"2017-12-07T17:54:29","guid":{"rendered":"http:\/\/centropyodeestudiosdeltao.com\/cpdedt\/?page_id=571"},"modified":"2017-12-07T17:54:48","modified_gmt":"2017-12-07T17:54:48","slug":"que-es-el-tao-del-amor","status":"publish","type":"page","link":"http:\/\/centropyodeestudiosdeltao.com\/cpdedt\/?page_id=571","title":{"rendered":"QUE ES EL TAO DEL AMOR?"},"content":{"rendered":"<p>Mientras que en nuestra cultura occidental se nos ha hecho cree durante cientos de a\u00f1os que la sexualidad est\u00e1 divorciada de la espiritualidad, y que \u00e9sta deb\u00eda ser reprimida. Los antiguos Maestros tao\u00edstas sab\u00edan que la sexualidad equilibrada no s\u00f3lo es vital para mantener la salud f\u00edsica, emocional y mental, sino que adem\u00e1s es en s\u00ed misma un camino de realizaci\u00f3n interior, al conectarnos directamente con el origen de la vida, y as\u00ed, con el origen del universo mismo.<\/p>\n<p><img loading=\"lazy\" decoding=\"async\" class=\"alignnone wp-image-391 aligncenter\" src=\"http:\/\/centropyodeestudiosdeltao.com\/cpdedt\/wp-content\/uploads\/2017\/12\/13599898_10205981520477870_4927923922935953884_n-300x240.jpg\" alt=\"\" width=\"393\" height=\"314\" srcset=\"http:\/\/centropyodeestudiosdeltao.com\/cpdedt\/wp-content\/uploads\/2017\/12\/13599898_10205981520477870_4927923922935953884_n-300x240.jpg 300w, http:\/\/centropyodeestudiosdeltao.com\/cpdedt\/wp-content\/uploads\/2017\/12\/13599898_10205981520477870_4927923922935953884_n.jpg 500w\" sizes=\"auto, (max-width: 393px) 100vw, 393px\" \/><\/p>\n<p>El Tao del Amor consiste en una serie de ejercicios y pr\u00e1cticas individuales y de pareja que le permiten al practicante no s\u00f3lo evitar la p\u00e9rdida de la energ\u00eda sexual, sino que le ayudan a administrar y transmutar la energ\u00eda sexual en otras formas sutiles de energ\u00eda, tales como creatividad y espiritualidad\u2026 al tomar \u201cconsciencia del Ser\u201d a trav\u00e9s de estados altamente curativos de \u00c9xtasis y de transformaci\u00f3n interior.<\/p>\n<p><img loading=\"lazy\" decoding=\"async\" class=\"alignnone wp-image-192 aligncenter\" src=\"http:\/\/centropyodeestudiosdeltao.com\/cpdedt\/wp-content\/uploads\/2017\/11\/juan-li-3-223x300.jpg\" alt=\"\" width=\"352\" height=\"474\" srcset=\"http:\/\/centropyodeestudiosdeltao.com\/cpdedt\/wp-content\/uploads\/2017\/11\/juan-li-3-223x300.jpg 223w, http:\/\/centropyodeestudiosdeltao.com\/cpdedt\/wp-content\/uploads\/2017\/11\/juan-li-3.jpg 238w\" sizes=\"auto, (max-width: 352px) 100vw, 352px\" \/><\/p>\n<p>Este manejo consciente de la propia energ\u00eda sexual tiene m\u00faltiples beneficios tanto para el hombre como para la mujer. En el hombre se pueden evitar disfunciones de origen no fisiol\u00f3gico sino psicosom\u00e1tico, tales como eyaculaci\u00f3n precoz, disfunci\u00f3n er\u00e9ctil agotamiento, insomnio, cansancio excesivo, depresi\u00f3n, etc. Al aprender el arte de la inyaculaci\u00f3n el hombre puede convertirse en multiorg\u00e1smico al separar el orgasmo de la eyaculaci\u00f3n,\u00a0incrementando as\u00ed su vitalidad, salud y longevidad.<\/p>\n<p>Las mujeres pueden, con las t\u00e9cnicas del Tao del Amor, evitar los s\u00edntomas de la menopausia y problemas tales como prolapso uterino, vejiga ca\u00edda, incontinencia, etc. AL mantener activo su perfil hormonal, mantienen as\u00ed una apariencia jovial y plenitud de funciones.<\/p>\n<p>&nbsp;<\/p>\n<p><img loading=\"lazy\" decoding=\"async\" class=\"alignnone wp-image-172 aligncenter\" src=\"http:\/\/centropyodeestudiosdeltao.com\/cpdedt\/wp-content\/uploads\/2017\/11\/DSC_0087-300x214.jpg\" alt=\"\" width=\"426\" height=\"304\" srcset=\"http:\/\/centropyodeestudiosdeltao.com\/cpdedt\/wp-content\/uploads\/2017\/11\/DSC_0087-300x214.jpg 300w, http:\/\/centropyodeestudiosdeltao.com\/cpdedt\/wp-content\/uploads\/2017\/11\/DSC_0087-768x548.jpg 768w, http:\/\/centropyodeestudiosdeltao.com\/cpdedt\/wp-content\/uploads\/2017\/11\/DSC_0087-1024x731.jpg 1024w, http:\/\/centropyodeestudiosdeltao.com\/cpdedt\/wp-content\/uploads\/2017\/11\/DSC_0087-820x585.jpg 820w\" sizes=\"auto, (max-width: 426px) 100vw, 426px\" \/><\/p>\n<p>Pr\u00e1cticas como la llamada Orbita Microc\u00f3smica, que hace circular la energ\u00eda vital, nos ense\u00f1a sobre el elixir de la juventud eterna, que es en definitiva la bioqu\u00edmica del amor, y el erotismo espiritualizado. Cuando se aprende a estimular las gl\u00e1ndulas superiores para que el hipot\u00e1lamo segregue substancias que eran conocidas por los antiguos tao\u00edstas como \u201cel n\u00e9ctar de los Dioses que conduce a la inmortalidad\u201d, lo cual la ciencia traduce hoy como una cascada de hormonas, neurotransmisores y endorfinas que proporcionan al practicante salud, longevidad, amor y plenitud de funciones hasta edad avanzada.<\/p>\n<p>&nbsp;<\/p>\n<p><strong>\u00a0<\/strong><\/p>\n","protected":false},"excerpt":{"rendered":"<p>Mientras que en nuestra cultura occidental se nos ha hecho cree durante cientos de a\u00f1os que la sexualidad est\u00e1 divorciada de la espiritualidad, y que \u00e9sta deb\u00eda ser reprimida. Los antiguos Maestros tao\u00edstas sab\u00edan que la sexualidad equilibrada no s\u00f3lo es vital para mantener la salud f\u00edsica, emocional y mental, sino que adem\u00e1s es en [&hellip;]<\/p>\n","protected":false},"author":1,"featured_media":0,"parent":0,"menu_order":0,"comment_status":"closed","ping_status":"closed","template":"","meta":{"om_disable_all_campaigns":false,"_monsterinsights_skip_tracking":false,"_monsterinsights_sitenote_active":false,"_monsterinsights_sitenote_note":"","_monsterinsights_sitenote_category":0,"footnotes":""},"class_list":["post-571","page","type-page","status-publish","hentry"],"yoast_head":"<!-- This site is optimized with the Yoast SEO plugin v25.7 - https:\/\/yoast.com\/wordpress\/plugins\/seo\/ -->\n<title>QUE ES EL TAO DEL AMOR? - Centro de Estudios del Tao (C.E.T.) \u2013 Centro Paraguayo de Artes Marciales Internas. (C.E.P.A.M.I.)<\/title>\n<meta name=\"robots\" content=\"index, follow, max-snippet:-1, max-image-preview:large, max-video-preview:-1\" \/>\n<link rel=\"canonical\" href=\"http:\/\/centropyodeestudiosdeltao.com\/cpdedt\/?page_id=571\" \/>\n<meta property=\"og:locale\" content=\"es_ES\" \/>\n<meta property=\"og:type\" content=\"article\" \/>\n<meta property=\"og:title\" content=\"QUE ES EL TAO DEL AMOR? - Centro de Estudios del Tao (C.E.T.) \u2013 Centro Paraguayo de Artes Marciales Internas. (C.E.P.A.M.I.)\" \/>\n<meta property=\"og:description\" content=\"Mientras que en nuestra cultura occidental se nos ha hecho cree durante cientos de a\u00f1os que la sexualidad est\u00e1 divorciada de la espiritualidad, y que \u00e9sta deb\u00eda ser reprimida. Los antiguos Maestros tao\u00edstas sab\u00edan que la sexualidad equilibrada no s\u00f3lo es vital para mantener la salud f\u00edsica, emocional y mental, sino que adem\u00e1s es en [&hellip;]\" \/>\n<meta property=\"og:url\" content=\"http:\/\/centropyodeestudiosdeltao.com\/cpdedt\/?page_id=571\" \/>\n<meta property=\"og:site_name\" content=\"Centro de Estudios del Tao (C.E.T.) \u2013 Centro Paraguayo de Artes Marciales Internas. (C.E.P.A.M.I.)\" \/>\n<meta property=\"article:modified_time\" content=\"2017-12-07T17:54:48+00:00\" \/>\n<meta property=\"og:image\" content=\"http:\/\/centropyodeestudiosdeltao.com\/cpdedt\/wp-content\/uploads\/2017\/12\/13599898_10205981520477870_4927923922935953884_n-300x240.jpg\" \/>\n<meta name=\"twitter:card\" content=\"summary_large_image\" \/>\n<meta name=\"twitter:label1\" content=\"Tiempo de lectura\" \/>\n\t<meta name=\"twitter:data1\" content=\"2 minutos\" \/>\n<script type=\"application\/ld+json\" class=\"yoast-schema-graph\">{\"@context\":\"https:\/\/schema.org\",\"@graph\":[{\"@type\":\"WebPage\",\"@id\":\"http:\/\/centropyodeestudiosdeltao.com\/cpdedt\/?page_id=571\",\"url\":\"http:\/\/centropyodeestudiosdeltao.com\/cpdedt\/?page_id=571\",\"name\":\"QUE ES EL TAO DEL AMOR? - Centro de Estudios del Tao (C.E.T.) \u2013 Centro Paraguayo de Artes Marciales Internas. (C.E.P.A.M.I.)\",\"isPartOf\":{\"@id\":\"http:\/\/centropyodeestudiosdeltao.com\/cpdedt\/#website\"},\"primaryImageOfPage\":{\"@id\":\"http:\/\/centropyodeestudiosdeltao.com\/cpdedt\/?page_id=571#primaryimage\"},\"image\":{\"@id\":\"http:\/\/centropyodeestudiosdeltao.com\/cpdedt\/?page_id=571#primaryimage\"},\"thumbnailUrl\":\"http:\/\/centropyodeestudiosdeltao.com\/cpdedt\/wp-content\/uploads\/2017\/12\/13599898_10205981520477870_4927923922935953884_n-300x240.jpg\",\"datePublished\":\"2017-12-07T17:54:29+00:00\",\"dateModified\":\"2017-12-07T17:54:48+00:00\",\"breadcrumb\":{\"@id\":\"http:\/\/centropyodeestudiosdeltao.com\/cpdedt\/?page_id=571#breadcrumb\"},\"inLanguage\":\"es\",\"potentialAction\":[{\"@type\":\"ReadAction\",\"target\":[\"http:\/\/centropyodeestudiosdeltao.com\/cpdedt\/?page_id=571\"]}]},{\"@type\":\"ImageObject\",\"inLanguage\":\"es\",\"@id\":\"http:\/\/centropyodeestudiosdeltao.com\/cpdedt\/?page_id=571#primaryimage\",\"url\":\"http:\/\/centropyodeestudiosdeltao.com\/cpdedt\/wp-content\/uploads\/2017\/12\/13599898_10205981520477870_4927923922935953884_n.jpg\",\"contentUrl\":\"http:\/\/centropyodeestudiosdeltao.com\/cpdedt\/wp-content\/uploads\/2017\/12\/13599898_10205981520477870_4927923922935953884_n.jpg\",\"width\":500,\"height\":400},{\"@type\":\"BreadcrumbList\",\"@id\":\"http:\/\/centropyodeestudiosdeltao.com\/cpdedt\/?page_id=571#breadcrumb\",\"itemListElement\":[{\"@type\":\"ListItem\",\"position\":1,\"name\":\"Home\",\"item\":\"http:\/\/centropyodeestudiosdeltao.com\/cpdedt\/\"},{\"@type\":\"ListItem\",\"position\":2,\"name\":\"QUE ES EL TAO DEL AMOR?\"}]},{\"@type\":\"WebSite\",\"@id\":\"http:\/\/centropyodeestudiosdeltao.com\/cpdedt\/#website\",\"url\":\"http:\/\/centropyodeestudiosdeltao.com\/cpdedt\/\",\"name\":\"Centro de Estudios del Tao (C.E.T.) \u2013 Centro Paraguayo de Artes Marciales Internas. (C.E.P.A.M.I.)\",\"description\":\"TAI CHI CHUAN (TAIJIQUAN) * BA GUA ZHANG (PA KWA CHANG) * XING YI QUAN (HSING I CHUAN) * KUK SOOL WON KI DO KOREA HAPKIDO * ( KUNG FU BUDDHISTA KOREANO -. BUL MOO DO (XING JIA). * KI GONG (CHI KUNG).* MANEJO DE LOS PUNTOS DE PRESI\u00d3N. * PYUNG SOO DO (PIONG SU DO - PALMA DE ENERG\u00cdA INTERNA. * HATHA YOGA - * YOGA INTEGRAL - *  YOGA DIN\u00c1MICO.  * YOGA COREANO (HAN DAHN SOOL).  * YOGA TANTRICO. * BUDDHISMO MAHAYANA: * BUDDHISMO CHAN\/SEON\/ZEN - * TIBETANO Y T\u00c0NTRICO. (COMO FILOSOF\u00cdA DE VIDA) * MEDITACI\u00d3N BUDDHISTA - * ALQUIMIA BUDDHISTA * TAO HUANG LAO *-  * TAO\u00cdSMO COMO FILOSOF\u00cdA DE VIDA - * QI GONG (CHI KUNG TAO\u00cdSTA) -*  ALQUIMIA TAO\u00ccSTA - * TAO\u00cdSMO DUAL (EN PAREJAS) - * FILOSOF\u00cdA DEL TAI CHI CHUAN - BA GUA ZHANG - WU XING. * MEDITACI\u00d3N TAO\u00ccSTA. * TAO DEL AMOR. * REIKI DO - (USUI REIKI RYOHO) - * BUDDHO REIKI ENERSENSE - * DIGITOPUNTURA - * ACUPRESURA - * MANEJO DE ENERG\u00cdA INTERNA. \",\"potentialAction\":[{\"@type\":\"SearchAction\",\"target\":{\"@type\":\"EntryPoint\",\"urlTemplate\":\"http:\/\/centropyodeestudiosdeltao.com\/cpdedt\/?s={search_term_string}\"},\"query-input\":{\"@type\":\"PropertyValueSpecification\",\"valueRequired\":true,\"valueName\":\"search_term_string\"}}],\"inLanguage\":\"es\"}]}<\/script>\n<!-- \/ Yoast SEO plugin. -->","yoast_head_json":{"title":"QUE ES EL TAO DEL AMOR? - Centro de Estudios del Tao (C.E.T.) \u2013 Centro Paraguayo de Artes Marciales Internas. (C.E.P.A.M.I.)","robots":{"index":"index","follow":"follow","max-snippet":"max-snippet:-1","max-image-preview":"max-image-preview:large","max-video-preview":"max-video-preview:-1"},"canonical":"http:\/\/centropyodeestudiosdeltao.com\/cpdedt\/?page_id=571","og_locale":"es_ES","og_type":"article","og_title":"QUE ES EL TAO DEL AMOR? - Centro de Estudios del Tao (C.E.T.) \u2013 Centro Paraguayo de Artes Marciales Internas. (C.E.P.A.M.I.)","og_description":"Mientras que en nuestra cultura occidental se nos ha hecho cree durante cientos de a\u00f1os que la sexualidad est\u00e1 divorciada de la espiritualidad, y que \u00e9sta deb\u00eda ser reprimida. Los antiguos Maestros tao\u00edstas sab\u00edan que la sexualidad equilibrada no s\u00f3lo es vital para mantener la salud f\u00edsica, emocional y mental, sino que adem\u00e1s es en [&hellip;]","og_url":"http:\/\/centropyodeestudiosdeltao.com\/cpdedt\/?page_id=571","og_site_name":"Centro de Estudios del Tao (C.E.T.) \u2013 Centro Paraguayo de Artes Marciales Internas. (C.E.P.A.M.I.)","article_modified_time":"2017-12-07T17:54:48+00:00","og_image":[{"url":"http:\/\/centropyodeestudiosdeltao.com\/cpdedt\/wp-content\/uploads\/2017\/12\/13599898_10205981520477870_4927923922935953884_n-300x240.jpg","type":"","width":"","height":""}],"twitter_card":"summary_large_image","twitter_misc":{"Tiempo de lectura":"2 minutos"},"schema":{"@context":"https:\/\/schema.org","@graph":[{"@type":"WebPage","@id":"http:\/\/centropyodeestudiosdeltao.com\/cpdedt\/?page_id=571","url":"http:\/\/centropyodeestudiosdeltao.com\/cpdedt\/?page_id=571","name":"QUE ES EL TAO DEL AMOR? - Centro de Estudios del Tao (C.E.T.) \u2013 Centro Paraguayo de Artes Marciales Internas. (C.E.P.A.M.I.)","isPartOf":{"@id":"http:\/\/centropyodeestudiosdeltao.com\/cpdedt\/#website"},"primaryImageOfPage":{"@id":"http:\/\/centropyodeestudiosdeltao.com\/cpdedt\/?page_id=571#primaryimage"},"image":{"@id":"http:\/\/centropyodeestudiosdeltao.com\/cpdedt\/?page_id=571#primaryimage"},"thumbnailUrl":"http:\/\/centropyodeestudiosdeltao.com\/cpdedt\/wp-content\/uploads\/2017\/12\/13599898_10205981520477870_4927923922935953884_n-300x240.jpg","datePublished":"2017-12-07T17:54:29+00:00","dateModified":"2017-12-07T17:54:48+00:00","breadcrumb":{"@id":"http:\/\/centropyodeestudiosdeltao.com\/cpdedt\/?page_id=571#breadcrumb"},"inLanguage":"es","potentialAction":[{"@type":"ReadAction","target":["http:\/\/centropyodeestudiosdeltao.com\/cpdedt\/?page_id=571"]}]},{"@type":"ImageObject","inLanguage":"es","@id":"http:\/\/centropyodeestudiosdeltao.com\/cpdedt\/?page_id=571#primaryimage","url":"http:\/\/centropyodeestudiosdeltao.com\/cpdedt\/wp-content\/uploads\/2017\/12\/13599898_10205981520477870_4927923922935953884_n.jpg","contentUrl":"http:\/\/centropyodeestudiosdeltao.com\/cpdedt\/wp-content\/uploads\/2017\/12\/13599898_10205981520477870_4927923922935953884_n.jpg","width":500,"height":400},{"@type":"BreadcrumbList","@id":"http:\/\/centropyodeestudiosdeltao.com\/cpdedt\/?page_id=571#breadcrumb","itemListElement":[{"@type":"ListItem","position":1,"name":"Home","item":"http:\/\/centropyodeestudiosdeltao.com\/cpdedt\/"},{"@type":"ListItem","position":2,"name":"QUE ES EL TAO DEL AMOR?"}]},{"@type":"WebSite","@id":"http:\/\/centropyodeestudiosdeltao.com\/cpdedt\/#website","url":"http:\/\/centropyodeestudiosdeltao.com\/cpdedt\/","name":"Centro de Estudios del Tao (C.E.T.) \u2013 Centro Paraguayo de Artes Marciales Internas. (C.E.P.A.M.I.)","description":"TAI CHI CHUAN (TAIJIQUAN) * BA GUA ZHANG (PA KWA CHANG) * XING YI QUAN (HSING I CHUAN) * KUK SOOL WON KI DO KOREA HAPKIDO * ( KUNG FU BUDDHISTA KOREANO -. BUL MOO DO (XING JIA). * KI GONG (CHI KUNG).* MANEJO DE LOS PUNTOS DE PRESI\u00d3N. * PYUNG SOO DO (PIONG SU DO - PALMA DE ENERG\u00cdA INTERNA. * HATHA YOGA - * YOGA INTEGRAL - *  YOGA DIN\u00c1MICO.  * YOGA COREANO (HAN DAHN SOOL).  * YOGA TANTRICO. * BUDDHISMO MAHAYANA: * BUDDHISMO CHAN\/SEON\/ZEN - * TIBETANO Y T\u00c0NTRICO. (COMO FILOSOF\u00cdA DE VIDA) * MEDITACI\u00d3N BUDDHISTA - * ALQUIMIA BUDDHISTA * TAO HUANG LAO *-  * TAO\u00cdSMO COMO FILOSOF\u00cdA DE VIDA - * QI GONG (CHI KUNG TAO\u00cdSTA) -*  ALQUIMIA TAO\u00ccSTA - * TAO\u00cdSMO DUAL (EN PAREJAS) - * FILOSOF\u00cdA DEL TAI CHI CHUAN - BA GUA ZHANG - WU XING. * MEDITACI\u00d3N TAO\u00ccSTA. * TAO DEL AMOR. * REIKI DO - (USUI REIKI RYOHO) - * BUDDHO REIKI ENERSENSE - * DIGITOPUNTURA - * ACUPRESURA - * MANEJO DE ENERG\u00cdA INTERNA. ","potentialAction":[{"@type":"SearchAction","target":{"@type":"EntryPoint","urlTemplate":"http:\/\/centropyodeestudiosdeltao.com\/cpdedt\/?s={search_term_string}"},"query-input":{"@type":"PropertyValueSpecification","valueRequired":true,"valueName":"search_term_string"}}],"inLanguage":"es"}]}},"_links":{"self":[{"href":"http:\/\/centropyodeestudiosdeltao.com\/cpdedt\/index.php?rest_route=\/wp\/v2\/pages\/571","targetHints":{"allow":["GET"]}}],"collection":[{"href":"http:\/\/centropyodeestudiosdeltao.com\/cpdedt\/index.php?rest_route=\/wp\/v2\/pages"}],"about":[{"href":"http:\/\/centropyodeestudiosdeltao.com\/cpdedt\/index.php?rest_route=\/wp\/v2\/types\/page"}],"author":[{"embeddable":true,"href":"http:\/\/centropyodeestudiosdeltao.com\/cpdedt\/index.php?rest_route=\/wp\/v2\/users\/1"}],"replies":[{"embeddable":true,"href":"http:\/\/centropyodeestudiosdeltao.com\/cpdedt\/index.php?rest_route=%2Fwp%2Fv2%2Fcomments&post=571"}],"version-history":[{"count":1,"href":"http:\/\/centropyodeestudiosdeltao.com\/cpdedt\/index.php?rest_route=\/wp\/v2\/pages\/571\/revisions"}],"predecessor-version":[{"id":572,"href":"http:\/\/centropyodeestudiosdeltao.com\/cpdedt\/index.php?rest_route=\/wp\/v2\/pages\/571\/revisions\/572"}],"wp:attachment":[{"href":"http:\/\/centropyodeestudiosdeltao.com\/cpdedt\/index.php?rest_route=%2Fwp%2Fv2%2Fmedia&parent=571"}],"curies":[{"name":"wp","href":"https:\/\/api.w.org\/{rel}","templated":true}]}}