{"id":778,"date":"2018-01-05T15:09:45","date_gmt":"2018-01-05T15:09:45","guid":{"rendered":"http:\/\/centropyodeestudiosdeltao.com\/cpdedt\/?page_id=778"},"modified":"2018-01-05T16:21:38","modified_gmt":"2018-01-05T16:21:38","slug":"reiki-do-la-vida-de-la-energia-universal","status":"publish","type":"page","link":"http:\/\/centropyodeestudiosdeltao.com\/cpdedt\/?page_id=778","title":{"rendered":"REIKI DO &#8211; LA VIDA DE LA ENERG\u00cdA UNIVERSAL"},"content":{"rendered":"<p style=\"text-align: center;\"><b>\u00a0\u00a0REIKI DO \u2013 LA V\u00cdA\u00a0DE LA ENERG\u00cdA\u00a0UNIVERSAL:<\/b><\/p>\n<p><strong>Queridos todos, la energ\u00eda que vibra en mi me ha impulsado a escribir este tema, desde donde debiera ser, desde el coraz\u00f3n, nada de libros, nada de art\u00edculos, sino desde la propia experiencia, de una b\u00fasqueda que comenz\u00f3 hace m\u00e1s de cuarenta a\u00f1os, y la cual no se termina nunca, al igual que la Energ\u00eda Universal, esta no se agota, entonces, la Energ\u00eda que hay en mi (que es la misma energ\u00eda), tampoco se diluye.<\/strong><\/p>\n<p><strong>Es impresionante, como la verdad no tiene excusas para manifestarse, no puede atajarse, no puede esconderse, no puede callarse.<\/strong><\/p>\n<p><img loading=\"lazy\" decoding=\"async\" class=\"alignnone size-medium wp-image-780 aligncenter\" src=\"http:\/\/centropyodeestudiosdeltao.com\/cpdedt\/wp-content\/uploads\/2018\/01\/13332753_278706089140753_3641386311174474019_n-300x300.jpg\" alt=\"\" width=\"300\" height=\"300\" srcset=\"http:\/\/centropyodeestudiosdeltao.com\/cpdedt\/wp-content\/uploads\/2018\/01\/13332753_278706089140753_3641386311174474019_n-300x300.jpg 300w, http:\/\/centropyodeestudiosdeltao.com\/cpdedt\/wp-content\/uploads\/2018\/01\/13332753_278706089140753_3641386311174474019_n-150x150.jpg 150w, http:\/\/centropyodeestudiosdeltao.com\/cpdedt\/wp-content\/uploads\/2018\/01\/13332753_278706089140753_3641386311174474019_n.jpg 720w\" sizes=\"auto, (max-width: 300px) 100vw, 300px\" \/><\/p>\n<p><strong>As\u00ed sucedi\u00f3 con el Reiki. El Reiki llego a Asunci\u00f3n, Paraguay, de la mano del Maestro Oriel Abarca, en el mes de Septiembre del a\u00f1o 1994, tra\u00eddo por la Se\u00f1ora Ana Medina, el curso se llev\u00f3 a cabo en su domicilio, el cual quedaba en la Avenida Brasilia, ella previamente hab\u00eda realizado el 1\u00ba Nivel de Reiki, en la Ciudad de Formosa Argentina.<\/strong><\/p>\n<p><strong>El Reiki era pr\u00e1cticamente, podemos decir, sin temor a yerro alguno,\u00a0 desconocido en este pa\u00eds; yo pose\u00eda ya conocimientos\u00a0 intensos del Tai Chi Chuan, as\u00ed como del manejo de energ\u00eda a trav\u00e9s del Kuk Sool Won aprendido con el Gran Maestro Lee Han Chul,\u00a0 y lo vi como una t\u00e9cnica interesante y valiosa para incorporarla al Camino \u201cDo \u2013 Tao\u201d de la Senda de la Iluminaci\u00f3n y del Conocimiento. <\/strong><\/p>\n<p><strong>Por esa \u00e9poca ya andaban pisando fuerte varias escuelas de Gnosis, con sus diferentes variantes, del cual yo tuve conocimiento hac\u00eda m\u00e1s de diez a\u00f1os atr\u00e1s, con la llegada a Asunci\u00f3n Paraguay del se\u00f1or William Cort\u00e9z, quien fuera el primer instructor Gn\u00f3stico llegado de Uruguay a Asunci\u00f3n &#8211; Paraguay. \u00c9l ten\u00eda su local sobre la calle Manuel Dom\u00ednguez Al costado de la escalinata de Antequera. <\/strong><\/p>\n<p><strong>En ese entonces, en conversaci\u00f3n con la se\u00f1ora Ana Medina, ella me explico, que el se\u00f1or Master Oriel Abarca no era ning\u00fan \u201cMaestro\u201d tipo Gn\u00f3stico o Buddhista, con \u201catributos\u201d especiales.<\/strong><\/p>\n<p><img loading=\"lazy\" decoding=\"async\" class=\"alignnone size-full wp-image-779 aligncenter\" src=\"http:\/\/centropyodeestudiosdeltao.com\/cpdedt\/wp-content\/uploads\/2018\/01\/540518_3827572775132_1792038049_n.jpg\" alt=\"\" width=\"185\" height=\"176\" \/><\/p>\n<p><strong>Maestro Oriel Abarca.<\/strong><\/p>\n<p><strong>Cuando lo conoc\u00ed, realmente, me cay\u00f3 muy bien. Un se\u00f1or sencillo, franco, sincero, tuvimos una meditaci\u00f3n previa, en la cual tuve conexi\u00f3n con fuentes budistas y, me llamo mucho la atenci\u00f3n, el color violeta, el cual indudablemente, lo relacionaba con la \u201cmetaf\u00edsica\u201d, posteriormente, el Universo me ense\u00f1o que el color violeta, tiene una antig\u00fcedad indescifrable y est\u00e1 muy unida al Reiki, al Buddhismo y al Tao\/Do. <\/strong><\/p>\n<p><strong>All\u00ed conocimos la \u201chistoria\u201d, \u201cOccidental\u201d del Reiki, tal y como se estaba transmitiendo en Occidente, con todos los detalles. <\/strong><\/p>\n<p><strong>As\u00ed, despu\u00e9s de acceder a mi primer nivel de Reiki, busque los libros existentes de Reiki, en las librer\u00edas existentes, y los libros que hab\u00edan eran de Brigitte Nielsen, Reiki, de Walter Lubeck, y el de GiancarloTarozzi. As\u00ed como tambi\u00e9n acced\u00ed al libro de \u201cCuraci\u00f3n Pranica\u201d de Choa Kot Shui.<\/strong><\/p>\n<p><strong>Cuando vino por segunda vez el Maestro Oriel Abarca, no pude realizar el Curso de 2\u00ba Grado o Nivel, y solicit\u00e9 a la se\u00f1ora Ana Medina para que me diese la direcci\u00f3n del Maestro para ir a Buenos Aires a realizar el curso con \u00e9l, lo cual no acced\u00ed. Entonces escrib\u00ed un mont\u00f3n de cartas a todos los Maestros de Reiki que hab\u00eda, o que pude tener acceso a trav\u00e9s de Revistas argentinas, como ser Yoga Integral, y otras, escrib\u00ed a m\u00e1s de 10 Maestros de Reiki, entre ellos a Magri, y otros Maestros, solo me respondi\u00f3 Claudio M\u00e1rquez. Tambi\u00e9n, me enter\u00e9 por este medio de un \u201cReiki Chino\u201d existente, consider\u00e9 que el mismo era una suerte de \u201cChi Kung\u201d, similar al de la \u201cCuraci\u00f3n Pr\u00e1nica\u201d.<\/strong><\/p>\n<p><img loading=\"lazy\" decoding=\"async\" class=\"alignnone size-medium wp-image-718 aligncenter\" src=\"http:\/\/centropyodeestudiosdeltao.com\/cpdedt\/wp-content\/uploads\/2017\/12\/ALEJANDRO-Y-CLAUDIO-MARQUEZ-3\u00ba-ADV-216x300.jpg\" alt=\"\" width=\"216\" height=\"300\" srcset=\"http:\/\/centropyodeestudiosdeltao.com\/cpdedt\/wp-content\/uploads\/2017\/12\/ALEJANDRO-Y-CLAUDIO-MARQUEZ-3\u00ba-ADV-216x300.jpg 216w, http:\/\/centropyodeestudiosdeltao.com\/cpdedt\/wp-content\/uploads\/2017\/12\/ALEJANDRO-Y-CLAUDIO-MARQUEZ-3\u00ba-ADV.jpg 571w\" sizes=\"auto, (max-width: 216px) 100vw, 216px\" \/><\/p>\n<p><strong>A trav\u00e9s de correspondencias que iban y ven\u00edan, pude ir a realizar el 2\u00ba Nivel de Reiki en el local de Claudio M\u00e1rquez, en buenos Aires Argentina, el cual quedaba en Avenida de los Incas, en fecha 12 de Agosto de 1995, once meses despu\u00e9s de mi Primer Nivel. <\/strong><\/p>\n<p><strong>Manteniendo fluida correspondencia con el Maestro Claudio Marquez, y es as\u00ed, en un esfuerzo conjunto con el \u201cPadre\u201d Eulogio Genes del S\u00e9ptimo Rayo, y el Dr. Carlos Crichigno, traemos al Maestro Claudio Marquez a realizar curso de Reiki de 1\u00ba Nivel, el cual se realiza en fechas 13, 14 y 15 de Diciembre de 1996, en donde recibo mi diploma de \u201cAdvanced Reiki Trainning\u201d (3\u00ba Grado \u201cA\u201d)\u00a0 <\/strong><\/p>\n<p><strong>Posteriormente a ello, se fundan las bases para formar una Asociaci\u00f3n en Asunci\u00f3n, Paraguay, para trabajar en consonancia con la Asociaci\u00f3n Argentina de Reiki, la cual se estableci\u00f3 ese mismo a\u00f1o.- <\/strong><\/p>\n<p><strong>En ese lapso de tiempo, se realizaron varios cursos de Reiki dictados por Claudio M\u00e1rquez,\u00a0 de los tres niveles iniciales, 1\u00ba, 2\u00aa y 3\u00aa \u201cA\u201d.<\/strong><\/p>\n<p><img loading=\"lazy\" decoding=\"async\" class=\"alignnone size-medium wp-image-694 aligncenter\" src=\"http:\/\/centropyodeestudiosdeltao.com\/cpdedt\/wp-content\/uploads\/2017\/12\/Alejandro-221x300.jpg\" alt=\"\" width=\"221\" height=\"300\" srcset=\"http:\/\/centropyodeestudiosdeltao.com\/cpdedt\/wp-content\/uploads\/2017\/12\/Alejandro-221x300.jpg 221w, http:\/\/centropyodeestudiosdeltao.com\/cpdedt\/wp-content\/uploads\/2017\/12\/Alejandro-768x1043.jpg 768w, http:\/\/centropyodeestudiosdeltao.com\/cpdedt\/wp-content\/uploads\/2017\/12\/Alejandro-754x1024.jpg 754w, http:\/\/centropyodeestudiosdeltao.com\/cpdedt\/wp-content\/uploads\/2017\/12\/Alejandro-820x1114.jpg 820w, http:\/\/centropyodeestudiosdeltao.com\/cpdedt\/wp-content\/uploads\/2017\/12\/Alejandro.jpg 848w\" sizes=\"auto, (max-width: 221px) 100vw, 221px\" \/><\/p>\n<p><strong>En esa \u00e9poca, fueron llegando otros libros m\u00e1s de Reiki, entre ellos el libro \u201cReiki Esencial\u201d de Diane Stein, \u00a0de quien hab\u00eda muchas noticias cruzadas y encontradas, entre ellas que la autora hab\u00eda despu\u00e9s de \u201cprofanar\u201d el Reiki hab\u00eda tenido un accidente de tr\u00e1nsito y hab\u00eda quedado paralizada del cuello para abajo, (parapl\u00e9jica) al igual que las noticias cruzadas sobre las otras noticias existentes sobre el sistema. El valor de la Maestr\u00eda de D\u00f3lares Americanos 10.000, y otras m\u00e1s. <\/strong><\/p>\n<p><strong>En fecha 08 de Noviembre de 1997 viajo a Buenos Aires, a instancia de una invitaci\u00f3n cursada por\u00a0 la Asociaci\u00f3n Argentina de Reiki, realizada a trav\u00e9s de su Presidente Maestro Claudio M\u00e1rquez, para participar en el 3\u00ba Congreso de Reiki, \u201cLa Evoluci\u00f3n del Reiki\u201d, en el cual se me otorgan las siguientes distinciones: Miembro Titular, Miembro de Honor y Placa de Uni\u00f3n y Confraternidad.<\/strong><\/p>\n<p><img loading=\"lazy\" decoding=\"async\" class=\"alignnone size-medium wp-image-754 aligncenter\" src=\"http:\/\/centropyodeestudiosdeltao.com\/cpdedt\/wp-content\/uploads\/2017\/12\/826rUAFH8UaLArT00RSt69RS-300x292.jpg\" alt=\"\" width=\"300\" height=\"292\" srcset=\"http:\/\/centropyodeestudiosdeltao.com\/cpdedt\/wp-content\/uploads\/2017\/12\/826rUAFH8UaLArT00RSt69RS-300x292.jpg 300w, http:\/\/centropyodeestudiosdeltao.com\/cpdedt\/wp-content\/uploads\/2017\/12\/826rUAFH8UaLArT00RSt69RS.jpg 660w\" sizes=\"auto, (max-width: 300px) 100vw, 300px\" \/><\/p>\n<p><strong>En fecha 08 de Marzo de 2004, recibo la Maestr\u00eda en Reiki a trav\u00e9s de la Maestra Nydia de G\u00f3mez, fue un momento muy importante y maravilloso para mi persona. <\/strong><\/p>\n<p><strong>Desde esa fecha he organizado y brindado, solo, en principio, luego con la asistencia de la Profesora Myriam Ferreira, cursos de Reiki, de 1\u00ba, 2\u00ba y 3\u00ba \u201cA\u201d Nivel Avanzado de Reiki a numerosas personas, as\u00ed como he otorgado la Maestr\u00eda en Reiki a la Prof., y\u00a0 Tradicional Master Reiki, Myriam Violeta Ferreira Aguilera.\u00a0 <\/strong><\/p>\n<p><strong>En fecha 10 de Enero de 2013, con la profesora Myriam Ferreira, realizamos en la Ciudad Aut\u00f3noma de Buenos Aires un curso intensivo y Maestr\u00eda en el Sistema Buddho Enersense, con el Maestro Claudio M\u00e1rquez, siendo entonces los pioneros y primeros Maestros nacionales en abrazar el sistema.<\/strong><\/p>\n<p><strong>\u00a0 \u00a0\u00a0<img loading=\"lazy\" decoding=\"async\" class=\"alignnone wp-image-785\" src=\"http:\/\/centropyodeestudiosdeltao.com\/cpdedt\/wp-content\/uploads\/2018\/01\/S6307757-225x300.jpg\" alt=\"\" width=\"202\" height=\"270\" srcset=\"http:\/\/centropyodeestudiosdeltao.com\/cpdedt\/wp-content\/uploads\/2018\/01\/S6307757-225x300.jpg 225w, http:\/\/centropyodeestudiosdeltao.com\/cpdedt\/wp-content\/uploads\/2018\/01\/S6307757-768x1024.jpg 768w, http:\/\/centropyodeestudiosdeltao.com\/cpdedt\/wp-content\/uploads\/2018\/01\/S6307757-820x1093.jpg 820w\" sizes=\"auto, (max-width: 202px) 100vw, 202px\" \/><img loading=\"lazy\" decoding=\"async\" class=\"alignnone wp-image-786\" src=\"http:\/\/centropyodeestudiosdeltao.com\/cpdedt\/wp-content\/uploads\/2018\/01\/S6307758-300x225.jpg\" alt=\"\" width=\"356\" height=\"267\" srcset=\"http:\/\/centropyodeestudiosdeltao.com\/cpdedt\/wp-content\/uploads\/2018\/01\/S6307758-300x225.jpg 300w, http:\/\/centropyodeestudiosdeltao.com\/cpdedt\/wp-content\/uploads\/2018\/01\/S6307758-768x576.jpg 768w, http:\/\/centropyodeestudiosdeltao.com\/cpdedt\/wp-content\/uploads\/2018\/01\/S6307758-1024x768.jpg 1024w, http:\/\/centropyodeestudiosdeltao.com\/cpdedt\/wp-content\/uploads\/2018\/01\/S6307758-820x615.jpg 820w\" sizes=\"auto, (max-width: 356px) 100vw, 356px\" \/><img loading=\"lazy\" decoding=\"async\" class=\"alignnone wp-image-784\" src=\"http:\/\/centropyodeestudiosdeltao.com\/cpdedt\/wp-content\/uploads\/2018\/01\/S6307756-225x300.jpg\" alt=\"\" width=\"202\" height=\"269\" srcset=\"http:\/\/centropyodeestudiosdeltao.com\/cpdedt\/wp-content\/uploads\/2018\/01\/S6307756-225x300.jpg 225w, http:\/\/centropyodeestudiosdeltao.com\/cpdedt\/wp-content\/uploads\/2018\/01\/S6307756-768x1024.jpg 768w, http:\/\/centropyodeestudiosdeltao.com\/cpdedt\/wp-content\/uploads\/2018\/01\/S6307756-820x1093.jpg 820w\" sizes=\"auto, (max-width: 202px) 100vw, 202px\" \/><\/strong><\/p>\n","protected":false},"excerpt":{"rendered":"<p>\u00a0\u00a0REIKI DO \u2013 LA V\u00cdA\u00a0DE LA ENERG\u00cdA\u00a0UNIVERSAL: Queridos todos, la energ\u00eda que vibra en mi me ha impulsado a escribir este tema, desde donde debiera ser, desde el coraz\u00f3n, nada de libros, nada de art\u00edculos, sino desde la propia experiencia, de una b\u00fasqueda que comenz\u00f3 hace m\u00e1s de cuarenta a\u00f1os, y la cual no se [&hellip;]<\/p>\n","protected":false},"author":1,"featured_media":0,"parent":0,"menu_order":0,"comment_status":"closed","ping_status":"closed","template":"","meta":{"om_disable_all_campaigns":false,"_monsterinsights_skip_tracking":false,"_monsterinsights_sitenote_active":false,"_monsterinsights_sitenote_note":"","_monsterinsights_sitenote_category":0,"footnotes":""},"class_list":["post-778","page","type-page","status-publish","hentry"],"yoast_head":"<!-- This site is optimized with the Yoast SEO plugin v25.7 - https:\/\/yoast.com\/wordpress\/plugins\/seo\/ -->\n<title>REIKI DO - LA VIDA DE LA ENERG\u00cdA UNIVERSAL - Centro de Estudios del Tao (C.E.T.) \u2013 Centro Paraguayo de Artes Marciales Internas. (C.E.P.A.M.I.)<\/title>\n<meta name=\"robots\" content=\"index, follow, max-snippet:-1, max-image-preview:large, max-video-preview:-1\" \/>\n<link rel=\"canonical\" href=\"http:\/\/centropyodeestudiosdeltao.com\/cpdedt\/?page_id=778\" \/>\n<meta property=\"og:locale\" content=\"es_ES\" \/>\n<meta property=\"og:type\" content=\"article\" \/>\n<meta property=\"og:title\" content=\"REIKI DO - LA VIDA DE LA ENERG\u00cdA UNIVERSAL - Centro de Estudios del Tao (C.E.T.) \u2013 Centro Paraguayo de Artes Marciales Internas. (C.E.P.A.M.I.)\" \/>\n<meta property=\"og:description\" content=\"\u00a0\u00a0REIKI DO \u2013 LA V\u00cdA\u00a0DE LA ENERG\u00cdA\u00a0UNIVERSAL: Queridos todos, la energ\u00eda que vibra en mi me ha impulsado a escribir este tema, desde donde debiera ser, desde el coraz\u00f3n, nada de libros, nada de art\u00edculos, sino desde la propia experiencia, de una b\u00fasqueda que comenz\u00f3 hace m\u00e1s de cuarenta a\u00f1os, y la cual no se [&hellip;]\" \/>\n<meta property=\"og:url\" content=\"http:\/\/centropyodeestudiosdeltao.com\/cpdedt\/?page_id=778\" \/>\n<meta property=\"og:site_name\" content=\"Centro de Estudios del Tao (C.E.T.) \u2013 Centro Paraguayo de Artes Marciales Internas. (C.E.P.A.M.I.)\" \/>\n<meta property=\"article:modified_time\" content=\"2018-01-05T16:21:38+00:00\" \/>\n<meta property=\"og:image\" content=\"http:\/\/centropyodeestudiosdeltao.com\/cpdedt\/wp-content\/uploads\/2018\/01\/13332753_278706089140753_3641386311174474019_n-300x300.jpg\" \/>\n<meta name=\"twitter:card\" content=\"summary_large_image\" \/>\n<meta name=\"twitter:label1\" content=\"Tiempo de lectura\" \/>\n\t<meta name=\"twitter:data1\" content=\"6 minutos\" \/>\n<script type=\"application\/ld+json\" class=\"yoast-schema-graph\">{\"@context\":\"https:\/\/schema.org\",\"@graph\":[{\"@type\":\"WebPage\",\"@id\":\"http:\/\/centropyodeestudiosdeltao.com\/cpdedt\/?page_id=778\",\"url\":\"http:\/\/centropyodeestudiosdeltao.com\/cpdedt\/?page_id=778\",\"name\":\"REIKI DO - LA VIDA DE LA ENERG\u00cdA UNIVERSAL - Centro de Estudios del Tao (C.E.T.) \u2013 Centro Paraguayo de Artes Marciales Internas. (C.E.P.A.M.I.)\",\"isPartOf\":{\"@id\":\"https:\/\/centropyodeestudiosdeltao.com\/cpdedt\/#website\"},\"primaryImageOfPage\":{\"@id\":\"http:\/\/centropyodeestudiosdeltao.com\/cpdedt\/?page_id=778#primaryimage\"},\"image\":{\"@id\":\"http:\/\/centropyodeestudiosdeltao.com\/cpdedt\/?page_id=778#primaryimage\"},\"thumbnailUrl\":\"http:\/\/centropyodeestudiosdeltao.com\/cpdedt\/wp-content\/uploads\/2018\/01\/13332753_278706089140753_3641386311174474019_n-300x300.jpg\",\"datePublished\":\"2018-01-05T15:09:45+00:00\",\"dateModified\":\"2018-01-05T16:21:38+00:00\",\"breadcrumb\":{\"@id\":\"http:\/\/centropyodeestudiosdeltao.com\/cpdedt\/?page_id=778#breadcrumb\"},\"inLanguage\":\"es\",\"potentialAction\":[{\"@type\":\"ReadAction\",\"target\":[\"http:\/\/centropyodeestudiosdeltao.com\/cpdedt\/?page_id=778\"]}]},{\"@type\":\"ImageObject\",\"inLanguage\":\"es\",\"@id\":\"http:\/\/centropyodeestudiosdeltao.com\/cpdedt\/?page_id=778#primaryimage\",\"url\":\"http:\/\/centropyodeestudiosdeltao.com\/cpdedt\/wp-content\/uploads\/2018\/01\/13332753_278706089140753_3641386311174474019_n.jpg\",\"contentUrl\":\"http:\/\/centropyodeestudiosdeltao.com\/cpdedt\/wp-content\/uploads\/2018\/01\/13332753_278706089140753_3641386311174474019_n.jpg\",\"width\":720,\"height\":720},{\"@type\":\"BreadcrumbList\",\"@id\":\"http:\/\/centropyodeestudiosdeltao.com\/cpdedt\/?page_id=778#breadcrumb\",\"itemListElement\":[{\"@type\":\"ListItem\",\"position\":1,\"name\":\"Home\",\"item\":\"https:\/\/centropyodeestudiosdeltao.com\/cpdedt\/\"},{\"@type\":\"ListItem\",\"position\":2,\"name\":\"REIKI DO &#8211; LA VIDA DE LA ENERG\u00cdA UNIVERSAL\"}]},{\"@type\":\"WebSite\",\"@id\":\"https:\/\/centropyodeestudiosdeltao.com\/cpdedt\/#website\",\"url\":\"https:\/\/centropyodeestudiosdeltao.com\/cpdedt\/\",\"name\":\"Centro de Estudios del Tao (C.E.T.) \u2013 Centro Paraguayo de Artes Marciales Internas. (C.E.P.A.M.I.)\",\"description\":\"TAI CHI CHUAN (TAIJIQUAN) * BA GUA ZHANG (PA KWA CHANG) * XING YI QUAN (HSING I CHUAN) * KUK SOOL WON KI DO KOREA HAPKIDO * ( KUNG FU BUDDHISTA KOREANO -. BUL MOO DO (XING JIA). * KI GONG (CHI KUNG).* MANEJO DE LOS PUNTOS DE PRESI\u00d3N. * PYUNG SOO DO (PIONG SU DO - PALMA DE ENERG\u00cdA INTERNA. * HATHA YOGA - * YOGA INTEGRAL - *  YOGA DIN\u00c1MICO.  * YOGA COREANO (HAN DAHN SOOL).  * YOGA TANTRICO. * BUDDHISMO MAHAYANA: * BUDDHISMO CHAN\/SEON\/ZEN - * TIBETANO Y T\u00c0NTRICO. (COMO FILOSOF\u00cdA DE VIDA) * MEDITACI\u00d3N BUDDHISTA - * ALQUIMIA BUDDHISTA * TAO HUANG LAO *-  * TAO\u00cdSMO COMO FILOSOF\u00cdA DE VIDA - * QI GONG (CHI KUNG TAO\u00cdSTA) -*  ALQUIMIA TAO\u00ccSTA - * TAO\u00cdSMO DUAL (EN PAREJAS) - * FILOSOF\u00cdA DEL TAI CHI CHUAN - BA GUA ZHANG - WU XING. * MEDITACI\u00d3N TAO\u00ccSTA. * TAO DEL AMOR. * REIKI DO - (USUI REIKI RYOHO) - * BUDDHO REIKI ENERSENSE - * DIGITOPUNTURA - * ACUPRESURA - * MANEJO DE ENERG\u00cdA INTERNA. \",\"potentialAction\":[{\"@type\":\"SearchAction\",\"target\":{\"@type\":\"EntryPoint\",\"urlTemplate\":\"https:\/\/centropyodeestudiosdeltao.com\/cpdedt\/?s={search_term_string}\"},\"query-input\":{\"@type\":\"PropertyValueSpecification\",\"valueRequired\":true,\"valueName\":\"search_term_string\"}}],\"inLanguage\":\"es\"}]}<\/script>\n<!-- \/ Yoast SEO plugin. -->","yoast_head_json":{"title":"REIKI DO - LA VIDA DE LA ENERG\u00cdA UNIVERSAL - Centro de Estudios del Tao (C.E.T.) \u2013 Centro Paraguayo de Artes Marciales Internas. (C.E.P.A.M.I.)","robots":{"index":"index","follow":"follow","max-snippet":"max-snippet:-1","max-image-preview":"max-image-preview:large","max-video-preview":"max-video-preview:-1"},"canonical":"http:\/\/centropyodeestudiosdeltao.com\/cpdedt\/?page_id=778","og_locale":"es_ES","og_type":"article","og_title":"REIKI DO - LA VIDA DE LA ENERG\u00cdA UNIVERSAL - Centro de Estudios del Tao (C.E.T.) \u2013 Centro Paraguayo de Artes Marciales Internas. (C.E.P.A.M.I.)","og_description":"\u00a0\u00a0REIKI DO \u2013 LA V\u00cdA\u00a0DE LA ENERG\u00cdA\u00a0UNIVERSAL: Queridos todos, la energ\u00eda que vibra en mi me ha impulsado a escribir este tema, desde donde debiera ser, desde el coraz\u00f3n, nada de libros, nada de art\u00edculos, sino desde la propia experiencia, de una b\u00fasqueda que comenz\u00f3 hace m\u00e1s de cuarenta a\u00f1os, y la cual no se [&hellip;]","og_url":"http:\/\/centropyodeestudiosdeltao.com\/cpdedt\/?page_id=778","og_site_name":"Centro de Estudios del Tao (C.E.T.) \u2013 Centro Paraguayo de Artes Marciales Internas. (C.E.P.A.M.I.)","article_modified_time":"2018-01-05T16:21:38+00:00","og_image":[{"url":"http:\/\/centropyodeestudiosdeltao.com\/cpdedt\/wp-content\/uploads\/2018\/01\/13332753_278706089140753_3641386311174474019_n-300x300.jpg","type":"","width":"","height":""}],"twitter_card":"summary_large_image","twitter_misc":{"Tiempo de lectura":"6 minutos"},"schema":{"@context":"https:\/\/schema.org","@graph":[{"@type":"WebPage","@id":"http:\/\/centropyodeestudiosdeltao.com\/cpdedt\/?page_id=778","url":"http:\/\/centropyodeestudiosdeltao.com\/cpdedt\/?page_id=778","name":"REIKI DO - LA VIDA DE LA ENERG\u00cdA UNIVERSAL - Centro de Estudios del Tao (C.E.T.) \u2013 Centro Paraguayo de Artes Marciales Internas. (C.E.P.A.M.I.)","isPartOf":{"@id":"https:\/\/centropyodeestudiosdeltao.com\/cpdedt\/#website"},"primaryImageOfPage":{"@id":"http:\/\/centropyodeestudiosdeltao.com\/cpdedt\/?page_id=778#primaryimage"},"image":{"@id":"http:\/\/centropyodeestudiosdeltao.com\/cpdedt\/?page_id=778#primaryimage"},"thumbnailUrl":"http:\/\/centropyodeestudiosdeltao.com\/cpdedt\/wp-content\/uploads\/2018\/01\/13332753_278706089140753_3641386311174474019_n-300x300.jpg","datePublished":"2018-01-05T15:09:45+00:00","dateModified":"2018-01-05T16:21:38+00:00","breadcrumb":{"@id":"http:\/\/centropyodeestudiosdeltao.com\/cpdedt\/?page_id=778#breadcrumb"},"inLanguage":"es","potentialAction":[{"@type":"ReadAction","target":["http:\/\/centropyodeestudiosdeltao.com\/cpdedt\/?page_id=778"]}]},{"@type":"ImageObject","inLanguage":"es","@id":"http:\/\/centropyodeestudiosdeltao.com\/cpdedt\/?page_id=778#primaryimage","url":"http:\/\/centropyodeestudiosdeltao.com\/cpdedt\/wp-content\/uploads\/2018\/01\/13332753_278706089140753_3641386311174474019_n.jpg","contentUrl":"http:\/\/centropyodeestudiosdeltao.com\/cpdedt\/wp-content\/uploads\/2018\/01\/13332753_278706089140753_3641386311174474019_n.jpg","width":720,"height":720},{"@type":"BreadcrumbList","@id":"http:\/\/centropyodeestudiosdeltao.com\/cpdedt\/?page_id=778#breadcrumb","itemListElement":[{"@type":"ListItem","position":1,"name":"Home","item":"https:\/\/centropyodeestudiosdeltao.com\/cpdedt\/"},{"@type":"ListItem","position":2,"name":"REIKI DO &#8211; LA VIDA DE LA ENERG\u00cdA UNIVERSAL"}]},{"@type":"WebSite","@id":"https:\/\/centropyodeestudiosdeltao.com\/cpdedt\/#website","url":"https:\/\/centropyodeestudiosdeltao.com\/cpdedt\/","name":"Centro de Estudios del Tao (C.E.T.) \u2013 Centro Paraguayo de Artes Marciales Internas. (C.E.P.A.M.I.)","description":"TAI CHI CHUAN (TAIJIQUAN) * BA GUA ZHANG (PA KWA CHANG) * XING YI QUAN (HSING I CHUAN) * KUK SOOL WON KI DO KOREA HAPKIDO * ( KUNG FU BUDDHISTA KOREANO -. BUL MOO DO (XING JIA). * KI GONG (CHI KUNG).* MANEJO DE LOS PUNTOS DE PRESI\u00d3N. * PYUNG SOO DO (PIONG SU DO - PALMA DE ENERG\u00cdA INTERNA. * HATHA YOGA - * YOGA INTEGRAL - *  YOGA DIN\u00c1MICO.  * YOGA COREANO (HAN DAHN SOOL).  * YOGA TANTRICO. * BUDDHISMO MAHAYANA: * BUDDHISMO CHAN\/SEON\/ZEN - * TIBETANO Y T\u00c0NTRICO. (COMO FILOSOF\u00cdA DE VIDA) * MEDITACI\u00d3N BUDDHISTA - * ALQUIMIA BUDDHISTA * TAO HUANG LAO *-  * TAO\u00cdSMO COMO FILOSOF\u00cdA DE VIDA - * QI GONG (CHI KUNG TAO\u00cdSTA) -*  ALQUIMIA TAO\u00ccSTA - * TAO\u00cdSMO DUAL (EN PAREJAS) - * FILOSOF\u00cdA DEL TAI CHI CHUAN - BA GUA ZHANG - WU XING. * MEDITACI\u00d3N TAO\u00ccSTA. * TAO DEL AMOR. * REIKI DO - (USUI REIKI RYOHO) - * BUDDHO REIKI ENERSENSE - * DIGITOPUNTURA - * ACUPRESURA - * MANEJO DE ENERG\u00cdA INTERNA. ","potentialAction":[{"@type":"SearchAction","target":{"@type":"EntryPoint","urlTemplate":"https:\/\/centropyodeestudiosdeltao.com\/cpdedt\/?s={search_term_string}"},"query-input":{"@type":"PropertyValueSpecification","valueRequired":true,"valueName":"search_term_string"}}],"inLanguage":"es"}]}},"_links":{"self":[{"href":"http:\/\/centropyodeestudiosdeltao.com\/cpdedt\/index.php?rest_route=\/wp\/v2\/pages\/778","targetHints":{"allow":["GET"]}}],"collection":[{"href":"http:\/\/centropyodeestudiosdeltao.com\/cpdedt\/index.php?rest_route=\/wp\/v2\/pages"}],"about":[{"href":"http:\/\/centropyodeestudiosdeltao.com\/cpdedt\/index.php?rest_route=\/wp\/v2\/types\/page"}],"author":[{"embeddable":true,"href":"http:\/\/centropyodeestudiosdeltao.com\/cpdedt\/index.php?rest_route=\/wp\/v2\/users\/1"}],"replies":[{"embeddable":true,"href":"http:\/\/centropyodeestudiosdeltao.com\/cpdedt\/index.php?rest_route=%2Fwp%2Fv2%2Fcomments&post=778"}],"version-history":[{"count":4,"href":"http:\/\/centropyodeestudiosdeltao.com\/cpdedt\/index.php?rest_route=\/wp\/v2\/pages\/778\/revisions"}],"predecessor-version":[{"id":788,"href":"http:\/\/centropyodeestudiosdeltao.com\/cpdedt\/index.php?rest_route=\/wp\/v2\/pages\/778\/revisions\/788"}],"wp:attachment":[{"href":"http:\/\/centropyodeestudiosdeltao.com\/cpdedt\/index.php?rest_route=%2Fwp%2Fv2%2Fmedia&parent=778"}],"curies":[{"name":"wp","href":"https:\/\/api.w.org\/{rel}","templated":true}]}}